{"id":19184,"date":"2026-02-24T16:11:11","date_gmt":"2026-02-24T16:11:11","guid":{"rendered":"https:\/\/esim.lemmetravel.com\/LEMMETravel-eSIM\/Buy-eSIM\/change-10-gb-30-sms-75-mins-365-days-3\/"},"modified":"2026-04-05T20:12:05","modified_gmt":"2026-04-05T20:12:05","slug":"change-10-gb-30-sms-75-mins-365-days-3","status":"publish","type":"product","link":"https:\/\/esim.lemmetravel.com\/tr\/LEMMETravel-eSIM\/Buy-eSIM\/change-10-gb-30-sms-75-mins-365-days-3\/","title":{"rendered":"Change+ 10 GB \u2013 30 SMS \u2013 75 Dakika \u2013 365 g\u00fcn"},"content":{"rendered":"<p>5G Yaln\u0131zca Veri eSIM.<br \/>\nSon kullanma tarihi olmadan online olarak \u015farj edilebilir.<br \/>\nAmerika Birle\u015fik Devletleri&#039;nde T-Mobile \u015febekesinde faaliyet g\u00f6stermektedir.<br \/>\nBu eSIM, Amerika Birle\u015fik Devletleri&#039;ne seyahat edenler i\u00e7indir. Kapsama alan\u0131 Amerika Birle\u015fik Devletleri ve Porto Riko&#039;yu kapsar; Alaska&#039;da ise s\u0131n\u0131rl\u0131 say\u0131da kullan\u0131labilir. Gelen aramalar dakika bakiyesinden d\u00fc\u015f\u00fcl\u00fcr. Uluslararas\u0131 aramalara izin verilmez.<\/p>","protected":false},"excerpt":{"rendered":"<p>5G Data-only eSIM. Rechargeable online with no expiry. Operates on the T-Mobile network in the United States of America. This eSIM is for travelers to the United States. The coverage includes the United States and Puerto Rico, with limited availability in Alaska. Incoming calls are deducted from the minutes balance. Outgoing international calls are not allowed.<\/p>","protected":false},"featured_media":15369,"comment_status":"open","ping_status":"closed","template":"","meta":{"om_disable_all_campaigns":false,"_monsterinsights_skip_tracking":false,"_monsterinsights_sitenote_active":false,"_monsterinsights_sitenote_note":"","_monsterinsights_sitenote_category":0,"_uf_show_specific_survey":0,"_uf_disable_surveys":false},"product_brand":[],"false":[432],"product_tag":[],"class_list":{"0":"post-19184","1":"product","2":"type-product","3":"status-publish","4":"has-post-thumbnail","6":"product_cat-united-states-esim","8":"first","9":"instock","10":"virtual","11":"taxable","12":"purchasable","13":"product-type-simple"},"_links":{"self":[{"href":"https:\/\/esim.lemmetravel.com\/tr\/wp-json\/wp\/v2\/product\/19184","targetHints":{"allow":["GET"]}}],"collection":[{"href":"https:\/\/esim.lemmetravel.com\/tr\/wp-json\/wp\/v2\/product"}],"about":[{"href":"https:\/\/esim.lemmetravel.com\/tr\/wp-json\/wp\/v2\/types\/product"}],"replies":[{"embeddable":true,"href":"https:\/\/esim.lemmetravel.com\/tr\/wp-json\/wp\/v2\/comments?post=19184"}],"version-history":[{"count":0,"href":"https:\/\/esim.lemmetravel.com\/tr\/wp-json\/wp\/v2\/product\/19184\/revisions"}],"wp:featuredmedia":[{"embeddable":true,"href":"https:\/\/esim.lemmetravel.com\/tr\/wp-json\/wp\/v2\/media\/15369"}],"wp:attachment":[{"href":"https:\/\/esim.lemmetravel.com\/tr\/wp-json\/wp\/v2\/media?parent=19184"}],"wp:term":[{"taxonomy":"product_brand","embeddable":true,"href":"https:\/\/esim.lemmetravel.com\/tr\/wp-json\/wp\/v2\/product_brand?post=19184"},{"taxonomy":"product_cat","embeddable":true,"href":"https:\/\/esim.lemmetravel.com\/tr\/wp-json\/wp\/v2\/false?post=19184"},{"taxonomy":"product_tag","embeddable":true,"href":"https:\/\/esim.lemmetravel.com\/tr\/wp-json\/wp\/v2\/product_tag?post=19184"}],"curies":[{"name":"wp","href":"https:\/\/api.w.org\/{rel}","templated":true}]}}