{"id":13392,"date":"2025-10-16T13:11:06","date_gmt":"2025-10-16T13:11:06","guid":{"rendered":"https:\/\/esim.lemmetravel.com\/product\/change-2-gb-15-days-2\/"},"modified":"2026-04-03T22:12:26","modified_gmt":"2026-04-03T22:12:26","slug":"change-2-gb-15-days-2","status":"publish","type":"product","link":"https:\/\/esim.lemmetravel.com\/tr\/LEMMETravel-eSIM\/Buy-eSIM\/change-2-gb-15-days-2\/","title":{"rendered":"2 GB&#039;\u0131 15 g\u00fcnde de\u011fi\u015ftirin"},"content":{"rendered":"<p>5G Yaln\u0131zca Veri eSIM.<br \/>\nSon kullanma tarihi olmadan online olarak \u015farj edilebilir.<br \/>\nAmerika Birle\u015fik Devletleri&#039;nde T-Mobile, Verizon ve US Cellular \u015febekelerinde \u00e7al\u0131\u015f\u0131r.<br \/>\nBu eSIM, Amerika Birle\u015fik Devletleri&#039;ne seyahat edenler i\u00e7indir. Kapsama alan\u0131 Amerika Birle\u015fik Devletleri ve Porto Riko&#039;yu kapsar, Alaska&#039;da ise s\u0131n\u0131rl\u0131 say\u0131da mevcuttur.<\/p>","protected":false},"excerpt":{"rendered":"<p>5G Veriye \u00d6zel eSIM. Son kullanma tarihi olmadan \u00e7evrimi\u00e7i olarak \u015farj edilebilir. Amerika Birle\u015fik Devletleri&#039;nde T-Mobile, Verizon ve US Cellular \u015febekelerinde \u00e7al\u0131\u015f\u0131r. Bu eSIM, Amerika Birle\u015fik Devletleri&#039;ne seyahat edenler i\u00e7indir. Kapsama alan\u0131 Amerika Birle\u015fik Devletleri ve Porto Riko&#039;yu kapsar; Alaska&#039;da s\u0131n\u0131rl\u0131 say\u0131da mevcuttur.<\/p>","protected":false},"featured_media":15369,"comment_status":"open","ping_status":"closed","template":"","meta":{"om_disable_all_campaigns":false,"_monsterinsights_skip_tracking":false,"_monsterinsights_sitenote_active":false,"_monsterinsights_sitenote_note":"","_monsterinsights_sitenote_category":0,"_uf_show_specific_survey":0,"_uf_disable_surveys":false},"product_brand":[],"product_cat":[432],"product_tag":[],"class_list":{"0":"post-13392","1":"product","2":"type-product","3":"status-publish","4":"has-post-thumbnail","6":"product_cat-united-states-esim","8":"first","9":"instock","10":"virtual","11":"taxable","12":"purchasable","13":"product-type-simple"},"aioseo_notices":[],"aioseo_head":"\n\t\t<!-- All in One SEO Pro 4.9.5.2 - aioseo.com -->\n\t<meta name=\"description\" content=\"5G Data-only eSIM. Rechargeable online with no expiry. Operates on T-Mobile, Verizon, and U.S. Cellular networks in the United States of America. This eSIM is for travelers to the United States. The coverage includes the United States and Puerto Rico, with limited availability in Alaska.\" \/>\n\t<meta name=\"robots\" content=\"noindex, max-image-preview:large\" \/>\n\t<meta name=\"msvalidate.01\" content=\"EF211A3C5305FFBB3BEFE3334716E9B8\" \/>\n\t<meta name=\"yandex-verification\" content=\"bcae45baa1a4f9ed\" \/>\n\t<link rel=\"canonical\" href=\"https:\/\/esim.lemmetravel.com\/tr\/LEMMETravel-eSIM\/Buy-eSIM\/change-2-gb-15-days-2\/\" \/>\n\t<meta name=\"generator\" content=\"All in One SEO Pro (AIOSEO) 4.9.5.2\" \/>\n\t\t<meta property=\"og:locale\" content=\"tr_TR\" \/>\n\t\t<meta property=\"og:site_name\" content=\"LEMMETravel.com\u00ae | LEMMETravel.com eSIM for Travel\" \/>\n\t\t<meta property=\"og:type\" content=\"article\" \/>\n\t\t<meta property=\"og:title\" content=\"Change 2 GB \u2013 15 days | LEMMETravel.com\u00ae\" \/>\n\t\t<meta property=\"og:description\" content=\"5G Data-only eSIM. Rechargeable online with no expiry. Operates on T-Mobile, Verizon, and U.S. Cellular networks in the United States of America. This eSIM is for travelers to the United States. The coverage includes the United States and Puerto Rico, with limited availability in Alaska.\" \/>\n\t\t<meta property=\"og:url\" content=\"https:\/\/esim.lemmetravel.com\/tr\/LEMMETravel-eSIM\/Buy-eSIM\/change-2-gb-15-days-2\/\" \/>\n\t\t<meta property=\"og:image\" content=\"https:\/\/esim.lemmetravel.com\/wp-content\/uploads\/2026\/03\/Gemini_Generated_Image_8tklrz8tklrz8tkl-1.png\" \/>\n\t\t<meta property=\"og:image:secure_url\" content=\"https:\/\/esim.lemmetravel.com\/wp-content\/uploads\/2026\/03\/Gemini_Generated_Image_8tklrz8tklrz8tkl-1.png\" \/>\n\t\t<meta property=\"og:image:width\" content=\"1024\" \/>\n\t\t<meta property=\"og:image:height\" content=\"1024\" \/>\n\t\t<meta property=\"article:published_time\" content=\"2025-10-16T13:11:06+00:00\" \/>\n\t\t<meta property=\"article:modified_time\" content=\"2026-04-03T22:12:26+00:00\" \/>\n\t\t<meta property=\"article:publisher\" content=\"https:\/\/web.facebook.com\/LEMETravelcom\/\" \/>\n\t\t<meta name=\"twitter:card\" content=\"summary_large_image\" \/>\n\t\t<meta name=\"twitter:site\" content=\"@lemetravel\" \/>\n\t\t<meta name=\"twitter:title\" content=\"Change 2 GB \u2013 15 days | LEMMETravel.com\u00ae\" \/>\n\t\t<meta name=\"twitter:description\" content=\"5G Data-only eSIM. Rechargeable online with no expiry. Operates on T-Mobile, Verizon, and U.S. Cellular networks in the United States of America. This eSIM is for travelers to the United States. The coverage includes the United States and Puerto Rico, with limited availability in Alaska.\" \/>\n\t\t<meta name=\"twitter:image\" content=\"https:\/\/esim.lemmetravel.com\/wp-content\/uploads\/2026\/03\/Gemini_Generated_Image_t89fkgt89fkgt89f.png\" \/>\n\t\t<script type=\"application\/ld+json\" class=\"aioseo-schema\">\n\t\t\t{\"@context\":\"https:\\\/\\\/schema.org\",\"@graph\":[{\"@type\":\"BreadcrumbList\",\"@id\":\"https:\\\/\\\/esim.lemmetravel.com\\\/tr\\\/LEMMETravel-eSIM\\\/Buy-eSIM\\\/change-2-gb-15-days-2\\\/#breadcrumblist\",\"itemListElement\":[{\"@type\":\"ListItem\",\"@id\":\"https:\\\/\\\/esim.lemmetravel.com\\\/tr#listItem\",\"position\":1,\"name\":\"Home\",\"item\":\"https:\\\/\\\/esim.lemmetravel.com\\\/tr\",\"nextItem\":{\"@type\":\"ListItem\",\"@id\":\"https:\\\/\\\/esim.lemmetravel.com\\\/tr\\\/esim-shopping\\\/#listItem\",\"name\":\"Travel eSIM \\u2013 Unlimited Internet with One Click\"}},{\"@type\":\"ListItem\",\"@id\":\"https:\\\/\\\/esim.lemmetravel.com\\\/tr\\\/esim-shopping\\\/#listItem\",\"position\":2,\"name\":\"Travel eSIM \\u2013 Unlimited Internet with One Click\",\"item\":\"https:\\\/\\\/esim.lemmetravel.com\\\/tr\\\/esim-shopping\\\/\",\"nextItem\":{\"@type\":\"ListItem\",\"@id\":\"https:\\\/\\\/esim.lemmetravel.com\\\/tr\\\/eSIM-Country\\\/country\\\/united-states-esim\\\/#listItem\",\"name\":\"United States eSIM\"},\"previousItem\":{\"@type\":\"ListItem\",\"@id\":\"https:\\\/\\\/esim.lemmetravel.com\\\/tr#listItem\",\"name\":\"Home\"}},{\"@type\":\"ListItem\",\"@id\":\"https:\\\/\\\/esim.lemmetravel.com\\\/tr\\\/eSIM-Country\\\/country\\\/united-states-esim\\\/#listItem\",\"position\":3,\"name\":\"United States eSIM\",\"item\":\"https:\\\/\\\/esim.lemmetravel.com\\\/tr\\\/eSIM-Country\\\/country\\\/united-states-esim\\\/\",\"nextItem\":{\"@type\":\"ListItem\",\"@id\":\"https:\\\/\\\/esim.lemmetravel.com\\\/tr\\\/LEMMETravel-eSIM\\\/Buy-eSIM\\\/change-2-gb-15-days-2\\\/#listItem\",\"name\":\"Change 2 GB &#8211; 15 days\"},\"previousItem\":{\"@type\":\"ListItem\",\"@id\":\"https:\\\/\\\/esim.lemmetravel.com\\\/tr\\\/esim-shopping\\\/#listItem\",\"name\":\"Travel eSIM \\u2013 Unlimited Internet with One Click\"}},{\"@type\":\"ListItem\",\"@id\":\"https:\\\/\\\/esim.lemmetravel.com\\\/tr\\\/LEMMETravel-eSIM\\\/Buy-eSIM\\\/change-2-gb-15-days-2\\\/#listItem\",\"position\":4,\"name\":\"Change 2 GB &#8211; 15 days\",\"previousItem\":{\"@type\":\"ListItem\",\"@id\":\"https:\\\/\\\/esim.lemmetravel.com\\\/tr\\\/eSIM-Country\\\/country\\\/united-states-esim\\\/#listItem\",\"name\":\"United States eSIM\"}}]},{\"@type\":\"Organization\",\"@id\":\"https:\\\/\\\/esim.lemmetravel.com\\\/tr\\\/#organization\",\"name\":\"LEMMETravel.com\\u00ae\",\"description\":\"LEMMETravel.com eSIM for Travel\",\"url\":\"https:\\\/\\\/esim.lemmetravel.com\\\/tr\\\/\",\"email\":\"support@lemmetravel.com\",\"telephone\":\"+971525234064\",\"logo\":{\"@type\":\"ImageObject\",\"url\":\"https:\\\/\\\/esim.lemmetravel.com\\\/wp-content\\\/uploads\\\/2026\\\/03\\\/LEMMETravel-SocialMedia-Logo.jpg\",\"@id\":\"https:\\\/\\\/esim.lemmetravel.com\\\/tr\\\/LEMMETravel-eSIM\\\/Buy-eSIM\\\/change-2-gb-15-days-2\\\/#organizationLogo\",\"width\":112,\"height\":112},\"image\":{\"@id\":\"https:\\\/\\\/esim.lemmetravel.com\\\/tr\\\/LEMMETravel-eSIM\\\/Buy-eSIM\\\/change-2-gb-15-days-2\\\/#organizationLogo\"},\"sameAs\":[\"https:\\\/\\\/x.com\\\/lemetravel\",\"https:\\\/\\\/instagram.com\\\/lemmetravelcom\",\"https:\\\/\\\/www.tiktok.com\\\/@lemmetravel\",\"https:\\\/\\\/www.linkedin.com\\\/company\\\/lemmetravel-com\"],\"address\":{\"@id\":\"https:\\\/\\\/esim.lemmetravel.com\\\/tr\\\/#postaladdress\",\"@type\":\"PostalAddress\",\"streetAddress\":\"Dubai Silicon Oasis, Dubai, United Arab Emirates\",\"postalCode\":\"19985\",\"addressLocality\":\"Dubai\",\"addressRegion\":\"\\u062f\\u0628\\u064a - Dubai\",\"addressCountry\":\"AE\"}},{\"@type\":\"Product\",\"@id\":\"https:\\\/\\\/esim.lemmetravel.com\\\/tr\\\/LEMMETravel-eSIM\\\/Buy-eSIM\\\/change-2-gb-15-days-2\\\/#wooCommerceProduct\",\"name\":\"Change 2 GB - 15 days\",\"url\":\"https:\\\/\\\/esim.lemmetravel.com\\\/tr\\\/LEMMETravel-eSIM\\\/Buy-eSIM\\\/change-2-gb-15-days-2\\\/\",\"sku\":\"xiloxf-jpf-change-in-15days-2gb\",\"image\":{\"@type\":\"ImageObject\",\"url\":\"https:\\\/\\\/esim.lemmetravel.com\\\/wp-content\\\/uploads\\\/2025\\\/12\\\/LEMMETravel-eSIM-Cards-33.jpg\",\"@id\":\"https:\\\/\\\/esim.lemmetravel.com\\\/tr\\\/LEMMETravel-eSIM\\\/Buy-eSIM\\\/change-2-gb-15-days-2\\\/#productImage\",\"width\":1920,\"height\":1080},\"offers\":{\"@type\":\"Offer\",\"url\":\"https:\\\/\\\/esim.lemmetravel.com\\\/tr\\\/LEMMETravel-eSIM\\\/Buy-eSIM\\\/change-2-gb-15-days-2\\\/#wooCommerceOffer\",\"price\":7,\"priceCurrency\":\"USD\",\"category\":\"United States eSIM\",\"availability\":\"https:\\\/\\\/schema.org\\\/InStock\",\"priceSpecification\":{\"@type\":\"PriceSpecification\",\"price\":7,\"priceCurrency\":\"USD\",\"valueAddedTaxIncluded\":\"true\"},\"seller\":{\"@type\":\"Organization\",\"@id\":\"https:\\\/\\\/esim.lemmetravel.com\\\/tr\\\/#organization\"}}},{\"@type\":\"WebPage\",\"@id\":\"https:\\\/\\\/esim.lemmetravel.com\\\/tr\\\/LEMMETravel-eSIM\\\/Buy-eSIM\\\/change-2-gb-15-days-2\\\/#webpage\",\"url\":\"https:\\\/\\\/esim.lemmetravel.com\\\/tr\\\/LEMMETravel-eSIM\\\/Buy-eSIM\\\/change-2-gb-15-days-2\\\/\",\"name\":\"Change 2 GB \\u2013 15 days | LEMMETravel.com\\u00ae\",\"description\":\"5G Data-only eSIM. Rechargeable online with no expiry. Operates on T-Mobile, Verizon, and U.S. Cellular networks in the United States of America. This eSIM is for travelers to the United States. The coverage includes the United States and Puerto Rico, with limited availability in Alaska.\",\"inLanguage\":\"tr-TR\",\"isPartOf\":{\"@id\":\"https:\\\/\\\/esim.lemmetravel.com\\\/tr\\\/#website\"},\"breadcrumb\":{\"@id\":\"https:\\\/\\\/esim.lemmetravel.com\\\/tr\\\/LEMMETravel-eSIM\\\/Buy-eSIM\\\/change-2-gb-15-days-2\\\/#breadcrumblist\"},\"image\":{\"@type\":\"ImageObject\",\"url\":\"https:\\\/\\\/esim.lemmetravel.com\\\/wp-content\\\/uploads\\\/2025\\\/12\\\/LEMMETravel-eSIM-Cards-33.jpg\",\"@id\":\"https:\\\/\\\/esim.lemmetravel.com\\\/tr\\\/LEMMETravel-eSIM\\\/Buy-eSIM\\\/change-2-gb-15-days-2\\\/#mainImage\",\"width\":1920,\"height\":1080},\"primaryImageOfPage\":{\"@id\":\"https:\\\/\\\/esim.lemmetravel.com\\\/tr\\\/LEMMETravel-eSIM\\\/Buy-eSIM\\\/change-2-gb-15-days-2\\\/#mainImage\"},\"datePublished\":\"2025-10-16T13:11:06+00:00\",\"dateModified\":\"2026-04-03T22:12:26+00:00\"},{\"@type\":\"WebSite\",\"@id\":\"https:\\\/\\\/esim.lemmetravel.com\\\/tr\\\/#website\",\"url\":\"https:\\\/\\\/esim.lemmetravel.com\\\/tr\\\/\",\"name\":\"LEMMETravel.com\\u00ae\",\"description\":\"LEMMETravel.com eSIM for Travel\",\"inLanguage\":\"tr-TR\",\"publisher\":{\"@id\":\"https:\\\/\\\/esim.lemmetravel.com\\\/tr\\\/#organization\"}}]}\n\t\t<\/script>\n\t\t<script type=\"text\/javascript\">\n\t\t\t(function(c,l,a,r,i,t,y){\n\t\t\tc[a]=c[a]||function(){(c[a].q=c[a].q||[]).push(arguments)};t=l.createElement(r);t.async=1;\n\t\t\tt.src=\"https:\/\/www.clarity.ms\/tag\/\"+i+\"?ref=aioseo\";y=l.getElementsByTagName(r)[0];y.parentNode.insertBefore(t,y);\n\t\t})(window, document, \"clarity\", \"script\", \"w1iy2rgvbn\");\n\t\t<\/script>\n\t\t<!-- All in One SEO Pro -->\r\n\t\t<title>Change 2 GB \u2013 15 days | LEMMETravel.com\u00ae<\/title>\n\n","aioseo_head_json":{"title":"Change 2 GB \u2013 15 days | LEMMETravel.com\u00ae","description":"5G Data-only eSIM. Rechargeable online with no expiry. Operates on T-Mobile, Verizon, and U.S. Cellular networks in the United States of America. This eSIM is for travelers to the United States. The coverage includes the United States and Puerto Rico, with limited availability in Alaska.","canonical_url":"https:\/\/esim.lemmetravel.com\/tr\/LEMMETravel-eSIM\/Buy-eSIM\/change-2-gb-15-days-2\/","robots":"noindex, max-image-preview:large","keywords":"","webmasterTools":{"msvalidate.01":"EF211A3C5305FFBB3BEFE3334716E9B8","yandex-verification":"bcae45baa1a4f9ed","miscellaneous":""},"schema":{"@context":"https:\/\/schema.org","@graph":[{"@type":"BreadcrumbList","@id":"https:\/\/esim.lemmetravel.com\/tr\/LEMMETravel-eSIM\/Buy-eSIM\/change-2-gb-15-days-2\/#breadcrumblist","itemListElement":[{"@type":"ListItem","@id":"https:\/\/esim.lemmetravel.com\/tr#listItem","position":1,"name":"Home","item":"https:\/\/esim.lemmetravel.com\/tr","nextItem":{"@type":"ListItem","@id":"https:\/\/esim.lemmetravel.com\/tr\/esim-shopping\/#listItem","name":"Travel eSIM \u2013 Unlimited Internet with One Click"}},{"@type":"ListItem","@id":"https:\/\/esim.lemmetravel.com\/tr\/esim-shopping\/#listItem","position":2,"name":"Travel eSIM \u2013 Unlimited Internet with One Click","item":"https:\/\/esim.lemmetravel.com\/tr\/esim-shopping\/","nextItem":{"@type":"ListItem","@id":"https:\/\/esim.lemmetravel.com\/tr\/eSIM-Country\/country\/united-states-esim\/#listItem","name":"United States eSIM"},"previousItem":{"@type":"ListItem","@id":"https:\/\/esim.lemmetravel.com\/tr#listItem","name":"Home"}},{"@type":"ListItem","@id":"https:\/\/esim.lemmetravel.com\/tr\/eSIM-Country\/country\/united-states-esim\/#listItem","position":3,"name":"United States eSIM","item":"https:\/\/esim.lemmetravel.com\/tr\/eSIM-Country\/country\/united-states-esim\/","nextItem":{"@type":"ListItem","@id":"https:\/\/esim.lemmetravel.com\/tr\/LEMMETravel-eSIM\/Buy-eSIM\/change-2-gb-15-days-2\/#listItem","name":"Change 2 GB &#8211; 15 days"},"previousItem":{"@type":"ListItem","@id":"https:\/\/esim.lemmetravel.com\/tr\/esim-shopping\/#listItem","name":"Travel eSIM \u2013 Unlimited Internet with One Click"}},{"@type":"ListItem","@id":"https:\/\/esim.lemmetravel.com\/tr\/LEMMETravel-eSIM\/Buy-eSIM\/change-2-gb-15-days-2\/#listItem","position":4,"name":"Change 2 GB &#8211; 15 days","previousItem":{"@type":"ListItem","@id":"https:\/\/esim.lemmetravel.com\/tr\/eSIM-Country\/country\/united-states-esim\/#listItem","name":"United States eSIM"}}]},{"@type":"Organization","@id":"https:\/\/esim.lemmetravel.com\/tr\/#organization","name":"LEMMETravel.com\u00ae","description":"LEMMETravel.com eSIM for Travel","url":"https:\/\/esim.lemmetravel.com\/tr\/","email":"support@lemmetravel.com","telephone":"+971525234064","logo":{"@type":"ImageObject","url":"https:\/\/esim.lemmetravel.com\/wp-content\/uploads\/2026\/03\/LEMMETravel-SocialMedia-Logo.jpg","@id":"https:\/\/esim.lemmetravel.com\/tr\/LEMMETravel-eSIM\/Buy-eSIM\/change-2-gb-15-days-2\/#organizationLogo","width":112,"height":112},"image":{"@id":"https:\/\/esim.lemmetravel.com\/tr\/LEMMETravel-eSIM\/Buy-eSIM\/change-2-gb-15-days-2\/#organizationLogo"},"sameAs":["https:\/\/x.com\/lemetravel","https:\/\/instagram.com\/lemmetravelcom","https:\/\/www.tiktok.com\/@lemmetravel","https:\/\/www.linkedin.com\/company\/lemmetravel-com"],"address":{"@id":"https:\/\/esim.lemmetravel.com\/tr\/#postaladdress","@type":"PostalAddress","streetAddress":"Dubai Silicon Oasis, Dubai, United Arab Emirates","postalCode":"19985","addressLocality":"Dubai","addressRegion":"\u062f\u0628\u064a - Dubai","addressCountry":"AE"}},{"@type":"Product","@id":"https:\/\/esim.lemmetravel.com\/tr\/LEMMETravel-eSIM\/Buy-eSIM\/change-2-gb-15-days-2\/#wooCommerceProduct","name":"Change 2 GB - 15 days","url":"https:\/\/esim.lemmetravel.com\/tr\/LEMMETravel-eSIM\/Buy-eSIM\/change-2-gb-15-days-2\/","sku":"xiloxf-jpf-change-in-15days-2gb","image":{"@type":"ImageObject","url":"https:\/\/esim.lemmetravel.com\/wp-content\/uploads\/2025\/12\/LEMMETravel-eSIM-Cards-33.jpg","@id":"https:\/\/esim.lemmetravel.com\/tr\/LEMMETravel-eSIM\/Buy-eSIM\/change-2-gb-15-days-2\/#productImage","width":1920,"height":1080},"offers":{"@type":"Offer","url":"https:\/\/esim.lemmetravel.com\/tr\/LEMMETravel-eSIM\/Buy-eSIM\/change-2-gb-15-days-2\/#wooCommerceOffer","price":7,"priceCurrency":"USD","category":"United States eSIM","availability":"https:\/\/schema.org\/InStock","priceSpecification":{"@type":"PriceSpecification","price":7,"priceCurrency":"USD","valueAddedTaxIncluded":"true"},"seller":{"@type":"Organization","@id":"https:\/\/esim.lemmetravel.com\/tr\/#organization"}}},{"@type":"WebPage","@id":"https:\/\/esim.lemmetravel.com\/tr\/LEMMETravel-eSIM\/Buy-eSIM\/change-2-gb-15-days-2\/#webpage","url":"https:\/\/esim.lemmetravel.com\/tr\/LEMMETravel-eSIM\/Buy-eSIM\/change-2-gb-15-days-2\/","name":"Change 2 GB \u2013 15 days | LEMMETravel.com\u00ae","description":"5G Data-only eSIM. Rechargeable online with no expiry. Operates on T-Mobile, Verizon, and U.S. Cellular networks in the United States of America. This eSIM is for travelers to the United States. The coverage includes the United States and Puerto Rico, with limited availability in Alaska.","inLanguage":"tr-TR","isPartOf":{"@id":"https:\/\/esim.lemmetravel.com\/tr\/#website"},"breadcrumb":{"@id":"https:\/\/esim.lemmetravel.com\/tr\/LEMMETravel-eSIM\/Buy-eSIM\/change-2-gb-15-days-2\/#breadcrumblist"},"image":{"@type":"ImageObject","url":"https:\/\/esim.lemmetravel.com\/wp-content\/uploads\/2025\/12\/LEMMETravel-eSIM-Cards-33.jpg","@id":"https:\/\/esim.lemmetravel.com\/tr\/LEMMETravel-eSIM\/Buy-eSIM\/change-2-gb-15-days-2\/#mainImage","width":1920,"height":1080},"primaryImageOfPage":{"@id":"https:\/\/esim.lemmetravel.com\/tr\/LEMMETravel-eSIM\/Buy-eSIM\/change-2-gb-15-days-2\/#mainImage"},"datePublished":"2025-10-16T13:11:06+00:00","dateModified":"2026-04-03T22:12:26+00:00"},{"@type":"WebSite","@id":"https:\/\/esim.lemmetravel.com\/tr\/#website","url":"https:\/\/esim.lemmetravel.com\/tr\/","name":"LEMMETravel.com\u00ae","description":"LEMMETravel.com eSIM for Travel","inLanguage":"tr-TR","publisher":{"@id":"https:\/\/esim.lemmetravel.com\/tr\/#organization"}}]},"og:locale":"tr_TR","og:site_name":"LEMMETravel.com\u00ae | LEMMETravel.com eSIM for Travel","og:type":"article","og:title":"Change 2 GB \u2013 15 days | LEMMETravel.com\u00ae","og:description":"5G Data-only eSIM. Rechargeable online with no expiry. Operates on T-Mobile, Verizon, and U.S. Cellular networks in the United States of America. This eSIM is for travelers to the United States. The coverage includes the United States and Puerto Rico, with limited availability in Alaska.","og:url":"https:\/\/esim.lemmetravel.com\/tr\/LEMMETravel-eSIM\/Buy-eSIM\/change-2-gb-15-days-2\/","og:image":"https:\/\/esim.lemmetravel.com\/wp-content\/uploads\/2026\/03\/Gemini_Generated_Image_8tklrz8tklrz8tkl-1.png","og:image:secure_url":"https:\/\/esim.lemmetravel.com\/wp-content\/uploads\/2026\/03\/Gemini_Generated_Image_8tklrz8tklrz8tkl-1.png","og:image:width":1024,"og:image:height":1024,"article:published_time":"2025-10-16T13:11:06+00:00","article:modified_time":"2026-04-03T22:12:26+00:00","article:publisher":"https:\/\/web.facebook.com\/LEMETravelcom\/","twitter:card":"summary_large_image","twitter:site":"@lemetravel","twitter:title":"Change 2 GB \u2013 15 days | LEMMETravel.com\u00ae","twitter:description":"5G Data-only eSIM. Rechargeable online with no expiry. Operates on T-Mobile, Verizon, and U.S. Cellular networks in the United States of America. This eSIM is for travelers to the United States. The coverage includes the United States and Puerto Rico, with limited availability in Alaska.","twitter:image":"https:\/\/esim.lemmetravel.com\/wp-content\/uploads\/2026\/03\/Gemini_Generated_Image_t89fkgt89fkgt89f.png"},"aioseo_meta_data":{"post_id":"13392","title":null,"description":null,"keywords":null,"keyphrases":null,"primary_term":null,"canonical_url":null,"og_title":null,"og_description":null,"og_object_type":"default","og_image_type":"default","og_image_url":null,"og_image_width":null,"og_image_height":null,"og_image_custom_url":null,"og_image_custom_fields":null,"og_video":null,"og_custom_url":null,"og_article_section":null,"og_article_tags":null,"twitter_use_og":false,"twitter_card":"default","twitter_image_type":"default","twitter_image_url":null,"twitter_image_custom_url":null,"twitter_image_custom_fields":null,"twitter_title":null,"twitter_description":null,"schema":{"blockGraphs":[],"customGraphs":[],"default":{"data":{"Article":[],"Course":[],"Dataset":[],"FAQPage":[],"Movie":[],"Person":[],"Product":[],"ProductReview":[],"Car":[],"Recipe":[],"Service":[],"SoftwareApplication":[],"WebPage":[]},"graphName":"","isEnabled":true},"graphs":[]},"schema_type":"default","schema_type_options":null,"pillar_content":false,"robots_default":true,"robots_noindex":false,"robots_noarchive":false,"robots_nosnippet":false,"robots_nofollow":false,"robots_noimageindex":false,"robots_noodp":false,"robots_notranslate":false,"robots_max_snippet":null,"robots_max_videopreview":null,"robots_max_imagepreview":"large","priority":null,"frequency":null,"local_seo":null,"seo_analyzer_scan_date":"2026-03-23 05:08:04","breadcrumb_settings":null,"limit_modified_date":false,"reviewed_by":null,"open_ai":null,"ai":null,"created":"2026-03-22 23:07:30","updated":"2026-04-03 22:03:31"},"aioseo_breadcrumb":"<div class=\"aioseo-breadcrumbs\"><span class=\"aioseo-breadcrumb\">\n\t<a href=\"https:\/\/esim.lemmetravel.com\/tr\" title=\"Home\">Home<\/a>\n<\/span><span class=\"aioseo-breadcrumb-separator\">|<\/span><span class=\"aioseo-breadcrumb\">\n\t<a href=\"https:\/\/esim.lemmetravel.com\/tr\/esim-shopping\/\" title=\"Travel eSIM \u2013 Unlimited Internet with One Click\">Travel eSIM \u2013 Unlimited Internet with One Click<\/a>\n<\/span><span class=\"aioseo-breadcrumb-separator\">|<\/span><span class=\"aioseo-breadcrumb\">\n\t<a href=\"https:\/\/esim.lemmetravel.com\/tr\/eSIM-Country\/country\/united-states-esim\/\" title=\"United States eSIM\">United States eSIM<\/a>\n<\/span><span class=\"aioseo-breadcrumb-separator\">|<\/span><span class=\"aioseo-breadcrumb\">\n\tChange 2 GB \u2013 15 days\n<\/span><\/div>","aioseo_breadcrumb_json":[{"label":"Home","link":"https:\/\/esim.lemmetravel.com\/tr"},{"label":"Travel eSIM \u2013 Unlimited Internet with One Click","link":"https:\/\/esim.lemmetravel.com\/tr\/esim-shopping\/"},{"label":"United States eSIM","link":"https:\/\/esim.lemmetravel.com\/tr\/eSIM-Country\/country\/united-states-esim\/"},{"label":"Change 2 GB &#8211; 15 days","link":"https:\/\/esim.lemmetravel.com\/tr\/LEMMETravel-eSIM\/Buy-eSIM\/change-2-gb-15-days-2\/"}],"_links":{"self":[{"href":"https:\/\/esim.lemmetravel.com\/tr\/wp-json\/wp\/v2\/product\/13392","targetHints":{"allow":["GET"]}}],"collection":[{"href":"https:\/\/esim.lemmetravel.com\/tr\/wp-json\/wp\/v2\/product"}],"about":[{"href":"https:\/\/esim.lemmetravel.com\/tr\/wp-json\/wp\/v2\/types\/product"}],"replies":[{"embeddable":true,"href":"https:\/\/esim.lemmetravel.com\/tr\/wp-json\/wp\/v2\/comments?post=13392"}],"version-history":[{"count":1,"href":"https:\/\/esim.lemmetravel.com\/tr\/wp-json\/wp\/v2\/product\/13392\/revisions"}],"predecessor-version":[{"id":16334,"href":"https:\/\/esim.lemmetravel.com\/tr\/wp-json\/wp\/v2\/product\/13392\/revisions\/16334"}],"wp:featuredmedia":[{"embeddable":true,"href":"https:\/\/esim.lemmetravel.com\/tr\/wp-json\/wp\/v2\/media\/15369"}],"wp:attachment":[{"href":"https:\/\/esim.lemmetravel.com\/tr\/wp-json\/wp\/v2\/media?parent=13392"}],"wp:term":[{"taxonomy":"product_brand","embeddable":true,"href":"https:\/\/esim.lemmetravel.com\/tr\/wp-json\/wp\/v2\/product_brand?post=13392"},{"taxonomy":"product_cat","embeddable":true,"href":"https:\/\/esim.lemmetravel.com\/tr\/wp-json\/wp\/v2\/product_cat?post=13392"},{"taxonomy":"product_tag","embeddable":true,"href":"https:\/\/esim.lemmetravel.com\/tr\/wp-json\/wp\/v2\/product_tag?post=13392"}],"curies":[{"name":"wp","href":"https:\/\/api.w.org\/{rel}","templated":true}]}}