{"id":13272,"date":"2025-10-09T16:11:28","date_gmt":"2025-10-09T16:11:28","guid":{"rendered":"https:\/\/esim.lemmetravel.com\/product\/tine-mobile-unlimited-15-days\/"},"modified":"2026-04-22T21:12:14","modified_gmt":"2026-04-22T21:12:14","slug":"tine-mobile-unlimited-15-days","status":"publish","type":"product","link":"https:\/\/esim.lemmetravel.com\/tr\/LEMMETravel-eSIM\/Buy-eSIM\/tine-mobile-unlimited-15-days\/","title":{"rendered":"Tine Mobile Unlimited \u2013 15 g\u00fcn"},"content":{"rendered":"<p>3G Yaln\u0131zca Veri eSIM.<br \/>\nSon kullanma tarihi olmadan online olarak \u015farj edilebilir.<br \/>\nFilistin&#039;deki Ooredoo \u015febekesinde faaliyet g\u00f6stermektedir.<\/p>","protected":false},"excerpt":{"rendered":"<p>3G Veriye \u00d6zel eSIM. Son kullanma tarihi olmadan \u00e7evrimi\u00e7i olarak \u015farj edilebilir. Filistin&#039;deki Ooredoo \u015febekesinde \u00e7al\u0131\u015f\u0131r.<\/p>","protected":false},"featured_media":13804,"comment_status":"open","ping_status":"closed","template":"","meta":{"_uf_show_specific_survey":0,"_uf_disable_surveys":false},"product_brand":[],"product_cat":[835,836,837,840,838,839,494,842,834,841],"product_tag":[1617,1607,1625,1602,1610,1626,1630,1624,1620,1628,1601,1616,1632,1622,1643,1639,1637,1640,1638,1642,1641,1629,1623,1618,1608,1619,1606,1627,1634,1631,1605,1600,1609,1613,1603,1614,1633,1615,1621,1604,1612,1611,1644,1645,1636,1635,1646,1648,1647],"class_list":{"0":"post-13272","1":"product","2":"type-product","3":"status-publish","4":"has-post-thumbnail","6":"product_cat-bethlehem-esim","7":"product_cat-gaza-esim","8":"product_cat-hebron-esim","9":"product_cat-jenin-esim","10":"product_cat-jericho-esim","11":"product_cat-nablus-esim","12":"product_cat-palestine-esim","13":"product_cat-qalqilya-esim","14":"product_cat-ramallah-esim","15":"product_cat-tulkarm-esim","16":"product_tag-4g-esim-palestine","17":"product_tag-best-esim-palestine","18":"product_tag-bethlehem-esim","19":"product_tag-buy-palestine-esim-online","20":"product_tag-cheap-palestine-esim","21":"product_tag-esim-bethlehem-palestine","22":"product_tag-esim-gaza-palestine","23":"product_tag-esim-hebron-palestine","24":"product_tag-esim-jerusalem-palestine","25":"product_tag-esim-nablus-palestine","26":"product_tag-esim-palestine","27":"product_tag-esim-palestine-hotspot","28":"product_tag-esim-palestine-instant-qr-code","29":"product_tag-esim-ramallah-palestine","30":"product_tag-esim-","33":"product_tag-esim--","37":"product_tag-gaza-esim","38":"product_tag-hebron-esim","39":"product_tag-instant-activation-palestine-esim","40":"product_tag-instant-esim-palestine","41":"product_tag-jerusalem-esim","42":"product_tag-mobile-data-palestine-esim","43":"product_tag-nablus-esim","44":"product_tag-no-roaming-palestine-sim","45":"product_tag-palestine-airport-esim","46":"product_tag-palestine-data-esim","47":"product_tag-palestine-esim","48":"product_tag-palestine-esim-no-roaming","49":"product_tag-palestine-internet-esim","50":"product_tag-palestine-prepaid-esim","51":"product_tag-palestine-sim-card-alternative","52":"product_tag-palestine-travel-internet","53":"product_tag-prepaid-data-palestine","54":"product_tag-ramallah-esim","55":"product_tag-tourist-esim-palestine","56":"product_tag-travel-esim-palestine","57":"product_tag-unlimited-data-palestine-esim","58":"product_tag--esim-","60":"product_tag---esim","62":"product_tag--esim","66":"first","67":"instock","68":"virtual","69":"taxable","70":"purchasable","71":"product-type-simple"},"aioseo_notices":[],"aioseo_head":"\n\t\t<!-- All in One SEO Pro 4.9.6.2 - aioseo.com -->\n\t<meta name=\"description\" content=\"3G Data-only eSIM. Rechargeable online with no expiry. Operates on the Ooredoo network in Palestine.\" \/>\n\t<meta name=\"robots\" content=\"noindex, max-image-preview:large\" \/>\n\t<meta name=\"msvalidate.01\" content=\"EF211A3C5305FFBB3BEFE3334716E9B8\" \/>\n\t<meta name=\"yandex-verification\" content=\"bcae45baa1a4f9ed\" \/>\n\t<link rel=\"canonical\" href=\"https:\/\/esim.lemmetravel.com\/tr\/LEMMETravel-eSIM\/Buy-eSIM\/tine-mobile-unlimited-15-days\/\" \/>\n\t<meta name=\"generator\" content=\"All in One SEO Pro (AIOSEO) 4.9.6.2\" \/>\n\t\t<meta property=\"og:locale\" content=\"tr_TR\" \/>\n\t\t<meta property=\"og:site_name\" content=\"LEMMETravel.com\u00ae | LEMMETravel.com eSIM for Travel\" \/>\n\t\t<meta property=\"og:type\" content=\"article\" \/>\n\t\t<meta property=\"og:title\" content=\"Tine Mobile Unlimited \u2013 15 days\" \/>\n\t\t<meta property=\"og:description\" content=\"3G Data-only eSIM. Rechargeable online with no expiry. Operates on the Ooredoo network in Palestine.\" \/>\n\t\t<meta property=\"og:url\" content=\"https:\/\/esim.lemmetravel.com\/tr\/LEMMETravel-eSIM\/Buy-eSIM\/tine-mobile-unlimited-15-days\/\" \/>\n\t\t<meta property=\"og:image\" content=\"https:\/\/esim.lemmetravel.com\/wp-content\/uploads\/2026\/03\/Gemini_Generated_Image_8tklrz8tklrz8tkl-1.png\" \/>\n\t\t<meta property=\"og:image:secure_url\" content=\"https:\/\/esim.lemmetravel.com\/wp-content\/uploads\/2026\/03\/Gemini_Generated_Image_8tklrz8tklrz8tkl-1.png\" \/>\n\t\t<meta property=\"og:image:width\" content=\"1024\" \/>\n\t\t<meta property=\"og:image:height\" content=\"1024\" \/>\n\t\t<meta property=\"article:published_time\" content=\"2025-10-09T16:11:28+00:00\" \/>\n\t\t<meta property=\"article:modified_time\" content=\"2026-04-22T21:12:14+00:00\" \/>\n\t\t<meta property=\"article:publisher\" content=\"https:\/\/web.facebook.com\/LEMETravelcom\/\" \/>\n\t\t<meta name=\"twitter:card\" content=\"summary_large_image\" \/>\n\t\t<meta name=\"twitter:site\" content=\"@lemetravel\" \/>\n\t\t<meta name=\"twitter:title\" content=\"Tine Mobile Unlimited \u2013 15 days\" \/>\n\t\t<meta name=\"twitter:description\" content=\"3G Data-only eSIM. Rechargeable online with no expiry. Operates on the Ooredoo network in Palestine.\" \/>\n\t\t<meta name=\"twitter:image\" content=\"https:\/\/esim.lemmetravel.com\/wp-content\/uploads\/2026\/03\/Gemini_Generated_Image_t89fkgt89fkgt89f.png\" \/>\n\t\t<script type=\"application\/ld+json\" class=\"aioseo-schema\">\n\t\t\t{\"@context\":\"https:\\\/\\\/schema.org\",\"@graph\":[{\"@type\":\"BreadcrumbList\",\"@id\":\"https:\\\/\\\/esim.lemmetravel.com\\\/tr\\\/LEMMETravel-eSIM\\\/Buy-eSIM\\\/tine-mobile-unlimited-15-days\\\/#breadcrumblist\",\"itemListElement\":[{\"@type\":\"ListItem\",\"@id\":\"https:\\\/\\\/esim.lemmetravel.com\\\/tr#listItem\",\"position\":1,\"name\":\"Home\",\"item\":\"https:\\\/\\\/esim.lemmetravel.com\\\/tr\",\"nextItem\":{\"@type\":\"ListItem\",\"@id\":\"https:\\\/\\\/esim.lemmetravel.com\\\/tr\\\/esim-shopping\\\/#listItem\",\"name\":\"Travel eSIM \\u2013 Unlimited Internet with One Click\"}},{\"@type\":\"ListItem\",\"@id\":\"https:\\\/\\\/esim.lemmetravel.com\\\/tr\\\/esim-shopping\\\/#listItem\",\"position\":2,\"name\":\"Travel eSIM \\u2013 Unlimited Internet with One Click\",\"item\":\"https:\\\/\\\/esim.lemmetravel.com\\\/tr\\\/esim-shopping\\\/\",\"nextItem\":{\"@type\":\"ListItem\",\"@id\":\"https:\\\/\\\/esim.lemmetravel.com\\\/tr\\\/eSIM-Country\\\/country\\\/filistin-esimi\\\/#listItem\",\"name\":\"Palestine eSIM\"},\"previousItem\":{\"@type\":\"ListItem\",\"@id\":\"https:\\\/\\\/esim.lemmetravel.com\\\/tr#listItem\",\"name\":\"Home\"}},{\"@type\":\"ListItem\",\"@id\":\"https:\\\/\\\/esim.lemmetravel.com\\\/tr\\\/eSIM-Country\\\/country\\\/filistin-esimi\\\/#listItem\",\"position\":3,\"name\":\"Palestine eSIM\",\"item\":\"https:\\\/\\\/esim.lemmetravel.com\\\/tr\\\/eSIM-Country\\\/country\\\/filistin-esimi\\\/\",\"nextItem\":{\"@type\":\"ListItem\",\"@id\":\"https:\\\/\\\/esim.lemmetravel.com\\\/tr\\\/eSIM-Country\\\/country\\\/filistin-esimi\\\/ramallah-esim\\\/#listItem\",\"name\":\"Ramallah eSIM\"},\"previousItem\":{\"@type\":\"ListItem\",\"@id\":\"https:\\\/\\\/esim.lemmetravel.com\\\/tr\\\/esim-shopping\\\/#listItem\",\"name\":\"Travel eSIM \\u2013 Unlimited Internet with One Click\"}},{\"@type\":\"ListItem\",\"@id\":\"https:\\\/\\\/esim.lemmetravel.com\\\/tr\\\/eSIM-Country\\\/country\\\/filistin-esimi\\\/ramallah-esim\\\/#listItem\",\"position\":4,\"name\":\"Ramallah eSIM\",\"item\":\"https:\\\/\\\/esim.lemmetravel.com\\\/tr\\\/eSIM-Country\\\/country\\\/filistin-esimi\\\/ramallah-esim\\\/\",\"nextItem\":{\"@type\":\"ListItem\",\"@id\":\"https:\\\/\\\/esim.lemmetravel.com\\\/tr\\\/LEMMETravel-eSIM\\\/Buy-eSIM\\\/tine-mobile-unlimited-15-days\\\/#listItem\",\"name\":\"Tine Mobile Unlimited &#8211; 15 days\"},\"previousItem\":{\"@type\":\"ListItem\",\"@id\":\"https:\\\/\\\/esim.lemmetravel.com\\\/tr\\\/eSIM-Country\\\/country\\\/filistin-esimi\\\/#listItem\",\"name\":\"Palestine eSIM\"}},{\"@type\":\"ListItem\",\"@id\":\"https:\\\/\\\/esim.lemmetravel.com\\\/tr\\\/LEMMETravel-eSIM\\\/Buy-eSIM\\\/tine-mobile-unlimited-15-days\\\/#listItem\",\"position\":5,\"name\":\"Tine Mobile Unlimited &#8211; 15 days\",\"previousItem\":{\"@type\":\"ListItem\",\"@id\":\"https:\\\/\\\/esim.lemmetravel.com\\\/tr\\\/eSIM-Country\\\/country\\\/filistin-esimi\\\/ramallah-esim\\\/#listItem\",\"name\":\"Ramallah eSIM\"}}]},{\"@type\":\"Organization\",\"@id\":\"https:\\\/\\\/esim.lemmetravel.com\\\/tr\\\/#organization\",\"name\":\"LEMMETravel.com\\u00ae\",\"description\":\"LEMMETravel.com eSIM for Travel\",\"url\":\"https:\\\/\\\/esim.lemmetravel.com\\\/tr\\\/\",\"email\":\"support@lemmetravel.com\",\"telephone\":\"+971525234064\",\"logo\":{\"@type\":\"ImageObject\",\"url\":\"https:\\\/\\\/esim.lemmetravel.com\\\/wp-content\\\/uploads\\\/2026\\\/03\\\/LEMMETravel-SocialMedia-Logo.jpg\",\"@id\":\"https:\\\/\\\/esim.lemmetravel.com\\\/tr\\\/LEMMETravel-eSIM\\\/Buy-eSIM\\\/tine-mobile-unlimited-15-days\\\/#organizationLogo\",\"width\":112,\"height\":112},\"image\":{\"@id\":\"https:\\\/\\\/esim.lemmetravel.com\\\/tr\\\/LEMMETravel-eSIM\\\/Buy-eSIM\\\/tine-mobile-unlimited-15-days\\\/#organizationLogo\"},\"sameAs\":[\"https:\\\/\\\/x.com\\\/lemetravel\",\"https:\\\/\\\/instagram.com\\\/lemmetravelcom\",\"https:\\\/\\\/www.tiktok.com\\\/@lemmetravel\",\"https:\\\/\\\/www.linkedin.com\\\/company\\\/lemmetravel-com\"],\"address\":{\"@id\":\"https:\\\/\\\/esim.lemmetravel.com\\\/tr\\\/#postaladdress\",\"@type\":\"PostalAddress\",\"streetAddress\":\"Dubai Silicon Oasis, Dubai, United Arab Emirates\",\"postalCode\":\"19985\",\"addressLocality\":\"Dubai\",\"addressRegion\":\"\\u062f\\u0628\\u064a - Dubai\",\"addressCountry\":\"AE\"}},{\"@type\":\"Product\",\"@id\":\"https:\\\/\\\/esim.lemmetravel.com\\\/tr\\\/LEMMETravel-eSIM\\\/Buy-eSIM\\\/tine-mobile-unlimited-15-days\\\/#wooCommerceProduct\",\"name\":\"Tine Mobile Unlimited - 15 days\",\"url\":\"https:\\\/\\\/esim.lemmetravel.com\\\/tr\\\/LEMMETravel-eSIM\\\/Buy-eSIM\\\/tine-mobile-unlimited-15-days\\\/\",\"sku\":\"xiloxf-jpf-tine-mobile-unlimited-15days\",\"image\":{\"@type\":\"ImageObject\",\"url\":\"https:\\\/\\\/esim.lemmetravel.com\\\/wp-content\\\/uploads\\\/2025\\\/11\\\/Palestine-eSIM.jpg\",\"@id\":\"https:\\\/\\\/esim.lemmetravel.com\\\/tr\\\/LEMMETravel-eSIM\\\/Buy-eSIM\\\/tine-mobile-unlimited-15-days\\\/#productImage\",\"width\":1920,\"height\":1080},\"offers\":{\"@type\":\"Offer\",\"url\":\"https:\\\/\\\/esim.lemmetravel.com\\\/tr\\\/LEMMETravel-eSIM\\\/Buy-eSIM\\\/tine-mobile-unlimited-15-days\\\/#wooCommerceOffer\",\"price\":68,\"priceCurrency\":\"USD\",\"category\":\"Bethlehem eSIM\",\"availability\":\"https:\\\/\\\/schema.org\\\/InStock\",\"priceSpecification\":{\"@type\":\"PriceSpecification\",\"price\":68,\"priceCurrency\":\"USD\",\"valueAddedTaxIncluded\":\"true\"},\"seller\":{\"@type\":\"Organization\",\"@id\":\"https:\\\/\\\/esim.lemmetravel.com\\\/tr\\\/#organization\"}}},{\"@type\":\"WebPage\",\"@id\":\"https:\\\/\\\/esim.lemmetravel.com\\\/tr\\\/LEMMETravel-eSIM\\\/Buy-eSIM\\\/tine-mobile-unlimited-15-days\\\/#webpage\",\"url\":\"https:\\\/\\\/esim.lemmetravel.com\\\/tr\\\/LEMMETravel-eSIM\\\/Buy-eSIM\\\/tine-mobile-unlimited-15-days\\\/\",\"name\":\"Tine Mobile Unlimited \\u2013 15 days\",\"description\":\"3G Data-only eSIM. Rechargeable online with no expiry. Operates on the Ooredoo network in Palestine.\",\"inLanguage\":\"tr-TR\",\"isPartOf\":{\"@id\":\"https:\\\/\\\/esim.lemmetravel.com\\\/tr\\\/#website\"},\"breadcrumb\":{\"@id\":\"https:\\\/\\\/esim.lemmetravel.com\\\/tr\\\/LEMMETravel-eSIM\\\/Buy-eSIM\\\/tine-mobile-unlimited-15-days\\\/#breadcrumblist\"},\"image\":{\"@type\":\"ImageObject\",\"url\":\"https:\\\/\\\/esim.lemmetravel.com\\\/wp-content\\\/uploads\\\/2025\\\/11\\\/Palestine-eSIM.jpg\",\"@id\":\"https:\\\/\\\/esim.lemmetravel.com\\\/tr\\\/LEMMETravel-eSIM\\\/Buy-eSIM\\\/tine-mobile-unlimited-15-days\\\/#mainImage\",\"width\":1920,\"height\":1080},\"primaryImageOfPage\":{\"@id\":\"https:\\\/\\\/esim.lemmetravel.com\\\/tr\\\/LEMMETravel-eSIM\\\/Buy-eSIM\\\/tine-mobile-unlimited-15-days\\\/#mainImage\"},\"datePublished\":\"2025-10-09T16:11:28+00:00\",\"dateModified\":\"2026-04-22T21:12:14+00:00\"},{\"@type\":\"WebSite\",\"@id\":\"https:\\\/\\\/esim.lemmetravel.com\\\/tr\\\/#website\",\"url\":\"https:\\\/\\\/esim.lemmetravel.com\\\/tr\\\/\",\"name\":\"LEMMETravel.com\\u00ae\",\"description\":\"LEMMETravel.com eSIM for Travel\",\"inLanguage\":\"tr-TR\",\"publisher\":{\"@id\":\"https:\\\/\\\/esim.lemmetravel.com\\\/tr\\\/#organization\"}}]}\n\t\t<\/script>\n\t\t<script type=\"text\/javascript\">\n\t\t\t(function(c,l,a,r,i,t,y){\n\t\t\tc[a]=c[a]||function(){(c[a].q=c[a].q||[]).push(arguments)};t=l.createElement(r);t.async=1;\n\t\t\tt.src=\"https:\/\/www.clarity.ms\/tag\/\"+i+\"?ref=aioseo\";y=l.getElementsByTagName(r)[0];y.parentNode.insertBefore(t,y);\n\t\t})(window, document, \"clarity\", \"script\", \"w1iy2rgvbn\");\n\t\t<\/script>\n\t\t<!-- All in One SEO Pro -->\r\n\t\t<title>Tine Mobile Unlimited \u2013 15 days<\/title>\n\n","aioseo_head_json":{"title":"Tine Mobile Unlimited \u2013 15 days","description":"3G Data-only eSIM. Rechargeable online with no expiry. Operates on the Ooredoo network in Palestine.","canonical_url":"https:\/\/esim.lemmetravel.com\/tr\/LEMMETravel-eSIM\/Buy-eSIM\/tine-mobile-unlimited-15-days\/","robots":"noindex, max-image-preview:large","keywords":"","webmasterTools":{"msvalidate.01":"EF211A3C5305FFBB3BEFE3334716E9B8","yandex-verification":"bcae45baa1a4f9ed","miscellaneous":""},"schema":{"@context":"https:\/\/schema.org","@graph":[{"@type":"BreadcrumbList","@id":"https:\/\/esim.lemmetravel.com\/tr\/LEMMETravel-eSIM\/Buy-eSIM\/tine-mobile-unlimited-15-days\/#breadcrumblist","itemListElement":[{"@type":"ListItem","@id":"https:\/\/esim.lemmetravel.com\/tr#listItem","position":1,"name":"Home","item":"https:\/\/esim.lemmetravel.com\/tr","nextItem":{"@type":"ListItem","@id":"https:\/\/esim.lemmetravel.com\/tr\/esim-shopping\/#listItem","name":"Travel eSIM \u2013 Unlimited Internet with One Click"}},{"@type":"ListItem","@id":"https:\/\/esim.lemmetravel.com\/tr\/esim-shopping\/#listItem","position":2,"name":"Travel eSIM \u2013 Unlimited Internet with One Click","item":"https:\/\/esim.lemmetravel.com\/tr\/esim-shopping\/","nextItem":{"@type":"ListItem","@id":"https:\/\/esim.lemmetravel.com\/tr\/eSIM-Country\/country\/filistin-esimi\/#listItem","name":"Palestine eSIM"},"previousItem":{"@type":"ListItem","@id":"https:\/\/esim.lemmetravel.com\/tr#listItem","name":"Home"}},{"@type":"ListItem","@id":"https:\/\/esim.lemmetravel.com\/tr\/eSIM-Country\/country\/filistin-esimi\/#listItem","position":3,"name":"Palestine eSIM","item":"https:\/\/esim.lemmetravel.com\/tr\/eSIM-Country\/country\/filistin-esimi\/","nextItem":{"@type":"ListItem","@id":"https:\/\/esim.lemmetravel.com\/tr\/eSIM-Country\/country\/filistin-esimi\/ramallah-esim\/#listItem","name":"Ramallah eSIM"},"previousItem":{"@type":"ListItem","@id":"https:\/\/esim.lemmetravel.com\/tr\/esim-shopping\/#listItem","name":"Travel eSIM \u2013 Unlimited Internet with One Click"}},{"@type":"ListItem","@id":"https:\/\/esim.lemmetravel.com\/tr\/eSIM-Country\/country\/filistin-esimi\/ramallah-esim\/#listItem","position":4,"name":"Ramallah eSIM","item":"https:\/\/esim.lemmetravel.com\/tr\/eSIM-Country\/country\/filistin-esimi\/ramallah-esim\/","nextItem":{"@type":"ListItem","@id":"https:\/\/esim.lemmetravel.com\/tr\/LEMMETravel-eSIM\/Buy-eSIM\/tine-mobile-unlimited-15-days\/#listItem","name":"Tine Mobile Unlimited &#8211; 15 days"},"previousItem":{"@type":"ListItem","@id":"https:\/\/esim.lemmetravel.com\/tr\/eSIM-Country\/country\/filistin-esimi\/#listItem","name":"Palestine eSIM"}},{"@type":"ListItem","@id":"https:\/\/esim.lemmetravel.com\/tr\/LEMMETravel-eSIM\/Buy-eSIM\/tine-mobile-unlimited-15-days\/#listItem","position":5,"name":"Tine Mobile Unlimited &#8211; 15 days","previousItem":{"@type":"ListItem","@id":"https:\/\/esim.lemmetravel.com\/tr\/eSIM-Country\/country\/filistin-esimi\/ramallah-esim\/#listItem","name":"Ramallah eSIM"}}]},{"@type":"Organization","@id":"https:\/\/esim.lemmetravel.com\/tr\/#organization","name":"LEMMETravel.com\u00ae","description":"LEMMETravel.com eSIM for Travel","url":"https:\/\/esim.lemmetravel.com\/tr\/","email":"support@lemmetravel.com","telephone":"+971525234064","logo":{"@type":"ImageObject","url":"https:\/\/esim.lemmetravel.com\/wp-content\/uploads\/2026\/03\/LEMMETravel-SocialMedia-Logo.jpg","@id":"https:\/\/esim.lemmetravel.com\/tr\/LEMMETravel-eSIM\/Buy-eSIM\/tine-mobile-unlimited-15-days\/#organizationLogo","width":112,"height":112},"image":{"@id":"https:\/\/esim.lemmetravel.com\/tr\/LEMMETravel-eSIM\/Buy-eSIM\/tine-mobile-unlimited-15-days\/#organizationLogo"},"sameAs":["https:\/\/x.com\/lemetravel","https:\/\/instagram.com\/lemmetravelcom","https:\/\/www.tiktok.com\/@lemmetravel","https:\/\/www.linkedin.com\/company\/lemmetravel-com"],"address":{"@id":"https:\/\/esim.lemmetravel.com\/tr\/#postaladdress","@type":"PostalAddress","streetAddress":"Dubai Silicon Oasis, Dubai, United Arab Emirates","postalCode":"19985","addressLocality":"Dubai","addressRegion":"\u062f\u0628\u064a - Dubai","addressCountry":"AE"}},{"@type":"Product","@id":"https:\/\/esim.lemmetravel.com\/tr\/LEMMETravel-eSIM\/Buy-eSIM\/tine-mobile-unlimited-15-days\/#wooCommerceProduct","name":"Tine Mobile Unlimited - 15 days","url":"https:\/\/esim.lemmetravel.com\/tr\/LEMMETravel-eSIM\/Buy-eSIM\/tine-mobile-unlimited-15-days\/","sku":"xiloxf-jpf-tine-mobile-unlimited-15days","image":{"@type":"ImageObject","url":"https:\/\/esim.lemmetravel.com\/wp-content\/uploads\/2025\/11\/Palestine-eSIM.jpg","@id":"https:\/\/esim.lemmetravel.com\/tr\/LEMMETravel-eSIM\/Buy-eSIM\/tine-mobile-unlimited-15-days\/#productImage","width":1920,"height":1080},"offers":{"@type":"Offer","url":"https:\/\/esim.lemmetravel.com\/tr\/LEMMETravel-eSIM\/Buy-eSIM\/tine-mobile-unlimited-15-days\/#wooCommerceOffer","price":68,"priceCurrency":"USD","category":"Bethlehem eSIM","availability":"https:\/\/schema.org\/InStock","priceSpecification":{"@type":"PriceSpecification","price":68,"priceCurrency":"USD","valueAddedTaxIncluded":"true"},"seller":{"@type":"Organization","@id":"https:\/\/esim.lemmetravel.com\/tr\/#organization"}}},{"@type":"WebPage","@id":"https:\/\/esim.lemmetravel.com\/tr\/LEMMETravel-eSIM\/Buy-eSIM\/tine-mobile-unlimited-15-days\/#webpage","url":"https:\/\/esim.lemmetravel.com\/tr\/LEMMETravel-eSIM\/Buy-eSIM\/tine-mobile-unlimited-15-days\/","name":"Tine Mobile Unlimited \u2013 15 days","description":"3G Data-only eSIM. Rechargeable online with no expiry. Operates on the Ooredoo network in Palestine.","inLanguage":"tr-TR","isPartOf":{"@id":"https:\/\/esim.lemmetravel.com\/tr\/#website"},"breadcrumb":{"@id":"https:\/\/esim.lemmetravel.com\/tr\/LEMMETravel-eSIM\/Buy-eSIM\/tine-mobile-unlimited-15-days\/#breadcrumblist"},"image":{"@type":"ImageObject","url":"https:\/\/esim.lemmetravel.com\/wp-content\/uploads\/2025\/11\/Palestine-eSIM.jpg","@id":"https:\/\/esim.lemmetravel.com\/tr\/LEMMETravel-eSIM\/Buy-eSIM\/tine-mobile-unlimited-15-days\/#mainImage","width":1920,"height":1080},"primaryImageOfPage":{"@id":"https:\/\/esim.lemmetravel.com\/tr\/LEMMETravel-eSIM\/Buy-eSIM\/tine-mobile-unlimited-15-days\/#mainImage"},"datePublished":"2025-10-09T16:11:28+00:00","dateModified":"2026-04-22T21:12:14+00:00"},{"@type":"WebSite","@id":"https:\/\/esim.lemmetravel.com\/tr\/#website","url":"https:\/\/esim.lemmetravel.com\/tr\/","name":"LEMMETravel.com\u00ae","description":"LEMMETravel.com eSIM for Travel","inLanguage":"tr-TR","publisher":{"@id":"https:\/\/esim.lemmetravel.com\/tr\/#organization"}}]},"og:locale":"tr_TR","og:site_name":"LEMMETravel.com\u00ae | LEMMETravel.com eSIM for Travel","og:type":"article","og:title":"Tine Mobile Unlimited \u2013 15 days","og:description":"3G Data-only eSIM. Rechargeable online with no expiry. Operates on the Ooredoo network in Palestine.","og:url":"https:\/\/esim.lemmetravel.com\/tr\/LEMMETravel-eSIM\/Buy-eSIM\/tine-mobile-unlimited-15-days\/","og:image":"https:\/\/esim.lemmetravel.com\/wp-content\/uploads\/2026\/03\/Gemini_Generated_Image_8tklrz8tklrz8tkl-1.png","og:image:secure_url":"https:\/\/esim.lemmetravel.com\/wp-content\/uploads\/2026\/03\/Gemini_Generated_Image_8tklrz8tklrz8tkl-1.png","og:image:width":1024,"og:image:height":1024,"article:published_time":"2025-10-09T16:11:28+00:00","article:modified_time":"2026-04-22T21:12:14+00:00","article:publisher":"https:\/\/web.facebook.com\/LEMETravelcom\/","twitter:card":"summary_large_image","twitter:site":"@lemetravel","twitter:title":"Tine Mobile Unlimited \u2013 15 days","twitter:description":"3G Data-only eSIM. Rechargeable online with no expiry. Operates on the Ooredoo network in Palestine.","twitter:image":"https:\/\/esim.lemmetravel.com\/wp-content\/uploads\/2026\/03\/Gemini_Generated_Image_t89fkgt89fkgt89f.png"},"aioseo_meta_data":{"post_id":"13272","title":null,"description":null,"keywords":null,"keyphrases":null,"primary_term":null,"canonical_url":null,"og_title":null,"og_description":null,"og_object_type":"default","og_image_type":"default","og_image_url":null,"og_image_width":null,"og_image_height":null,"og_image_custom_url":null,"og_image_custom_fields":null,"og_video":null,"og_custom_url":null,"og_article_section":null,"og_article_tags":null,"twitter_use_og":false,"twitter_card":"default","twitter_image_type":"default","twitter_image_url":null,"twitter_image_custom_url":null,"twitter_image_custom_fields":null,"twitter_title":null,"twitter_description":null,"schema":{"blockGraphs":[],"customGraphs":[],"default":{"data":{"Article":[],"Course":[],"Dataset":[],"FAQPage":[],"Movie":[],"Person":[],"Product":[],"ProductReview":[],"Car":[],"Recipe":[],"Service":[],"SoftwareApplication":[],"WebPage":[]},"graphName":"","isEnabled":true},"graphs":[]},"schema_type":"default","schema_type_options":null,"pillar_content":false,"robots_default":true,"robots_noindex":false,"robots_noarchive":false,"robots_nosnippet":false,"robots_nofollow":false,"robots_noimageindex":false,"robots_noodp":false,"robots_notranslate":false,"robots_max_snippet":null,"robots_max_videopreview":null,"robots_max_imagepreview":"large","priority":null,"frequency":null,"local_seo":null,"seo_analyzer_scan_date":"2026-03-23 05:00:47","breadcrumb_settings":null,"limit_modified_date":false,"reviewed_by":null,"open_ai":null,"ai":null,"created":"2026-03-22 23:07:30","updated":"2026-04-22 21:55:27"},"aioseo_breadcrumb":"<div class=\"aioseo-breadcrumbs\"><span class=\"aioseo-breadcrumb\">\n\t<a href=\"https:\/\/esim.lemmetravel.com\/tr\" title=\"Home\">Home<\/a>\n<\/span><span class=\"aioseo-breadcrumb-separator\">|<\/span><span class=\"aioseo-breadcrumb\">\n\t<a href=\"https:\/\/esim.lemmetravel.com\/tr\/esim-shopping\/\" title=\"Travel eSIM \u2013 Unlimited Internet with One Click\">Travel eSIM \u2013 Unlimited Internet with One Click<\/a>\n<\/span><span class=\"aioseo-breadcrumb-separator\">|<\/span><span class=\"aioseo-breadcrumb\">\n\t<a href=\"https:\/\/esim.lemmetravel.com\/tr\/eSIM-Country\/country\/filistin-esimi\/\" title=\"Palestine eSIM\">Palestine eSIM<\/a>\n<\/span><span class=\"aioseo-breadcrumb-separator\">|<\/span><span class=\"aioseo-breadcrumb\">\n\t<a href=\"https:\/\/esim.lemmetravel.com\/tr\/eSIM-Country\/country\/filistin-esimi\/ramallah-esim\/\" title=\"Ramallah eSIM\">Ramallah eSIM<\/a>\n<\/span><span class=\"aioseo-breadcrumb-separator\">|<\/span><span class=\"aioseo-breadcrumb\">\n\tTine Mobile Unlimited \u2013 15 days\n<\/span><\/div>","aioseo_breadcrumb_json":[{"label":"Home","link":"https:\/\/esim.lemmetravel.com\/tr"},{"label":"Travel eSIM \u2013 Unlimited Internet with One Click","link":"https:\/\/esim.lemmetravel.com\/tr\/esim-shopping\/"},{"label":"Palestine eSIM","link":"https:\/\/esim.lemmetravel.com\/tr\/eSIM-Country\/country\/filistin-esimi\/"},{"label":"Ramallah eSIM","link":"https:\/\/esim.lemmetravel.com\/tr\/eSIM-Country\/country\/filistin-esimi\/ramallah-esim\/"},{"label":"Tine Mobile Unlimited &#8211; 15 days","link":"https:\/\/esim.lemmetravel.com\/tr\/LEMMETravel-eSIM\/Buy-eSIM\/tine-mobile-unlimited-15-days\/"}],"_links":{"self":[{"href":"https:\/\/esim.lemmetravel.com\/tr\/wp-json\/wp\/v2\/product\/13272","targetHints":{"allow":["GET"]}}],"collection":[{"href":"https:\/\/esim.lemmetravel.com\/tr\/wp-json\/wp\/v2\/product"}],"about":[{"href":"https:\/\/esim.lemmetravel.com\/tr\/wp-json\/wp\/v2\/types\/product"}],"replies":[{"embeddable":true,"href":"https:\/\/esim.lemmetravel.com\/tr\/wp-json\/wp\/v2\/comments?post=13272"}],"version-history":[{"count":1,"href":"https:\/\/esim.lemmetravel.com\/tr\/wp-json\/wp\/v2\/product\/13272\/revisions"}],"predecessor-version":[{"id":17600,"href":"https:\/\/esim.lemmetravel.com\/tr\/wp-json\/wp\/v2\/product\/13272\/revisions\/17600"}],"wp:featuredmedia":[{"embeddable":true,"href":"https:\/\/esim.lemmetravel.com\/tr\/wp-json\/wp\/v2\/media\/13804"}],"wp:attachment":[{"href":"https:\/\/esim.lemmetravel.com\/tr\/wp-json\/wp\/v2\/media?parent=13272"}],"wp:term":[{"taxonomy":"product_brand","embeddable":true,"href":"https:\/\/esim.lemmetravel.com\/tr\/wp-json\/wp\/v2\/product_brand?post=13272"},{"taxonomy":"product_cat","embeddable":true,"href":"https:\/\/esim.lemmetravel.com\/tr\/wp-json\/wp\/v2\/product_cat?post=13272"},{"taxonomy":"product_tag","embeddable":true,"href":"https:\/\/esim.lemmetravel.com\/tr\/wp-json\/wp\/v2\/product_tag?post=13272"}],"curies":[{"name":"wp","href":"https:\/\/api.w.org\/{rel}","templated":true}]}}