{"id":20655,"date":"2026-04-14T23:48:22","date_gmt":"2026-04-14T23:48:22","guid":{"rendered":"https:\/\/esim.lemmetravel.com\/LEMMETravel-eSIM\/Buy-eSIM\/discover-1-gb-10-sms-10-mins-7-days\/"},"modified":"2026-04-20T23:12:34","modified_gmt":"2026-04-20T23:12:34","slug":"discover-1-gb-10-sms-10-mins-7-days","status":"publish","type":"product","link":"https:\/\/esim.lemmetravel.com\/pt\/LEMMETravel-eSIM\/Buy-eSIM\/discover-1-gb-10-sms-10-mins-7-days\/","title":{"rendered":"Discover+ 1 GB \u2013 10 SMS \u2013 10 minutos \u2013 7 dias"},"content":{"rendered":"<p>eSIM global de dados, voz e texto.<br \/>\nRecarreg\u00e1vel on-line sem validade.<br \/>\nEste eSIM inclui um n\u00famero de telefone +1 (nos EUA) para uso global. Encaminhamento de chamadas e correio de voz n\u00e3o s\u00e3o suportados. Restri\u00e7\u00f5es se aplicam ao uso prolongado (acima de 91 dias) na Turquia, de acordo com os regulamentos locais. O saldo de chamadas \u00e9 dividido entre minutos nacionais e internacionais, com 25% alocados para chamadas internacionais.<\/p>","protected":false},"excerpt":{"rendered":"<p>eSIM global para dados, voz e SMS. Recarreg\u00e1vel online e sem prazo de validade. Este eSIM inclui um n\u00famero de telefone +1 (com base nos EUA) para uso global. O encaminhamento de chamadas e o correio de voz n\u00e3o s\u00e3o suportados. Restri\u00e7\u00f5es se aplicam ao uso prolongado (mais de 91 dias) na Turquia, conforme as regulamenta\u00e7\u00f5es locais. O saldo de chamadas \u00e9 dividido entre minutos nacionais e internacionais, com 25% alocados para chamadas internacionais.<\/p>","protected":false},"featured_media":19321,"comment_status":"open","ping_status":"closed","template":"","meta":{"om_disable_all_campaigns":false,"_monsterinsights_skip_tracking":false,"_monsterinsights_sitenote_active":false,"_monsterinsights_sitenote_note":"","_monsterinsights_sitenote_category":0,"_uf_show_specific_survey":0,"_uf_disable_surveys":false},"product_brand":[],"product_cat":[2451],"product_tag":[2501,2492,2502,2507,2493,2491,2512,2499,467,2486,2511,2506,2513,2508,2510,2505,1091,2509,2500,2488,1070,2504,2496,2497,1075,1072,2495,1077,2498,1074,2489,2487,2490,2494,2503,1071],"class_list":{"0":"post-20655","1":"product","2":"type-product","3":"status-publish","4":"has-post-thumbnail","6":"product_cat-global-esim","7":"product_tag-4g-5g-global-esim","8":"product_tag-best-global-esim","9":"product_tag-buy-esim-online-global","10":"product_tag-carte-esim-internationale","11":"product_tag-cheap-global-esim","12":"product_tag-digital-sim-global","13":"product_tag-esim-dunya","14":"product_tag-esim-for-tourists","15":"product_tag-esim-for-travel","16":"product_tag-esim-global","17":"product_tag-esim-global-viaje","18":"product_tag-esim-internacional","19":"product_tag-esim-maailmanlaajuinen","20":"product_tag-esim-mondiale","21":"product_tag-esim-mondiale-dati","22":"product_tag-esim-mundial","23":"product_tag-esim-weltweit","24":"product_tag-esim-wereld","25":"product_tag-global-connectivity-esim","26":"product_tag-global-data-esim","27":"product_tag-global-esim","28":"product_tag-global-roaming-alternative","29":"product_tag-global-sim-card-alternative","30":"product_tag-instant-activation-esim","31":"product_tag-instant-esim-worldwide","32":"product_tag-international-esim","33":"product_tag-mobile-data-worldwide","34":"product_tag-multi-country-esim","35":"product_tag-one-esim-worldwide","36":"product_tag-prepaid-global-esim","37":"product_tag-roaming-free-esim","38":"product_tag-travel-esim","39":"product_tag-travel-internet-esim","40":"product_tag-unlimited-global-data","41":"product_tag-world-travel-internet","42":"product_tag-worldwide-esim","44":"first","45":"instock","46":"sale","47":"virtual","48":"taxable","49":"purchasable","50":"product-type-simple"},"aioseo_notices":[],"aioseo_head":"\n\t\t<!-- All in One SEO Pro 4.9.6.2 - aioseo.com -->\n\t<meta name=\"description\" content=\"Data, voice &amp; text global eSIM. Rechargeable online with no expiry. This eSIM includes a +1 (US-based) phone number for global use. Call forwarding and voicemail are not supported. Restrictions apply to extended usage(over 91 days) in Turkey per local regulations. The call balance is split between national and international minutes, with 25% allocated to\" \/>\n\t<meta name=\"robots\" content=\"noindex, max-image-preview:large\" \/>\n\t<meta name=\"msvalidate.01\" content=\"EF211A3C5305FFBB3BEFE3334716E9B8\" \/>\n\t<meta name=\"yandex-verification\" content=\"bcae45baa1a4f9ed\" \/>\n\t<link rel=\"canonical\" href=\"https:\/\/esim.lemmetravel.com\/pt\/LEMMETravel-eSIM\/Buy-eSIM\/discover-1-gb-10-sms-10-mins-7-days\/\" \/>\n\t<meta name=\"generator\" content=\"All in One SEO Pro (AIOSEO) 4.9.6.2\" \/>\n\t\t<meta property=\"og:locale\" content=\"pt_PT\" \/>\n\t\t<meta property=\"og:site_name\" content=\"LEMMETravel.com\u00ae | LEMMETravel.com eSIM for Travel\" \/>\n\t\t<meta property=\"og:type\" content=\"article\" \/>\n\t\t<meta property=\"og:title\" content=\"Discover+ 1 GB \u2013 10 SMS \u2013 10 Mins \u2013 7 days\" \/>\n\t\t<meta property=\"og:description\" content=\"Data, voice &amp; text global eSIM. Rechargeable online with no expiry. This eSIM includes a +1 (US-based) phone number for global use. Call forwarding and voicemail are not supported. Restrictions apply to extended usage(over 91 days) in Turkey per local regulations. The call balance is split between national and international minutes, with 25% allocated to\" \/>\n\t\t<meta property=\"og:url\" content=\"https:\/\/esim.lemmetravel.com\/pt\/LEMMETravel-eSIM\/Buy-eSIM\/discover-1-gb-10-sms-10-mins-7-days\/\" \/>\n\t\t<meta property=\"og:image\" content=\"https:\/\/esim.lemmetravel.com\/wp-content\/uploads\/2026\/03\/Gemini_Generated_Image_8tklrz8tklrz8tkl-1.png\" \/>\n\t\t<meta property=\"og:image:secure_url\" content=\"https:\/\/esim.lemmetravel.com\/wp-content\/uploads\/2026\/03\/Gemini_Generated_Image_8tklrz8tklrz8tkl-1.png\" \/>\n\t\t<meta property=\"og:image:width\" content=\"1024\" \/>\n\t\t<meta property=\"og:image:height\" content=\"1024\" \/>\n\t\t<meta property=\"article:published_time\" content=\"2026-04-14T23:48:22+00:00\" \/>\n\t\t<meta property=\"article:modified_time\" content=\"2026-04-20T23:12:34+00:00\" \/>\n\t\t<meta property=\"article:publisher\" content=\"https:\/\/web.facebook.com\/LEMETravelcom\/\" \/>\n\t\t<meta name=\"twitter:card\" content=\"summary_large_image\" \/>\n\t\t<meta name=\"twitter:site\" content=\"@lemetravel\" \/>\n\t\t<meta name=\"twitter:title\" content=\"Discover+ 1 GB \u2013 10 SMS \u2013 10 Mins \u2013 7 days\" \/>\n\t\t<meta name=\"twitter:description\" content=\"Data, voice &amp; text global eSIM. Rechargeable online with no expiry. This eSIM includes a +1 (US-based) phone number for global use. Call forwarding and voicemail are not supported. Restrictions apply to extended usage(over 91 days) in Turkey per local regulations. The call balance is split between national and international minutes, with 25% allocated to\" \/>\n\t\t<meta name=\"twitter:image\" content=\"https:\/\/esim.lemmetravel.com\/wp-content\/uploads\/2026\/03\/Gemini_Generated_Image_8tklrz8tklrz8tkl-1.png\" \/>\n\t\t<script type=\"application\/ld+json\" class=\"aioseo-schema\">\n\t\t\t{\"@context\":\"https:\\\/\\\/schema.org\",\"@graph\":[{\"@type\":\"BreadcrumbList\",\"@id\":\"https:\\\/\\\/esim.lemmetravel.com\\\/pt\\\/LEMMETravel-eSIM\\\/Buy-eSIM\\\/discover-1-gb-10-sms-10-mins-7-days\\\/#breadcrumblist\",\"itemListElement\":[{\"@type\":\"ListItem\",\"@id\":\"https:\\\/\\\/esim.lemmetravel.com\\\/pt#listItem\",\"position\":1,\"name\":\"Home\",\"item\":\"https:\\\/\\\/esim.lemmetravel.com\\\/pt\",\"nextItem\":{\"@type\":\"ListItem\",\"@id\":\"https:\\\/\\\/esim.lemmetravel.com\\\/pt\\\/esim-shopping\\\/#listItem\",\"name\":\"Travel eSIM \\u2013 Unlimited Internet with One Click\"}},{\"@type\":\"ListItem\",\"@id\":\"https:\\\/\\\/esim.lemmetravel.com\\\/pt\\\/esim-shopping\\\/#listItem\",\"position\":2,\"name\":\"Travel eSIM \\u2013 Unlimited Internet with One Click\",\"item\":\"https:\\\/\\\/esim.lemmetravel.com\\\/pt\\\/esim-shopping\\\/\",\"nextItem\":{\"@type\":\"ListItem\",\"@id\":\"https:\\\/\\\/esim.lemmetravel.com\\\/pt\\\/eSIM-Country\\\/country\\\/global-esim\\\/#listItem\",\"name\":\"Global eSIM\"},\"previousItem\":{\"@type\":\"ListItem\",\"@id\":\"https:\\\/\\\/esim.lemmetravel.com\\\/pt#listItem\",\"name\":\"Home\"}},{\"@type\":\"ListItem\",\"@id\":\"https:\\\/\\\/esim.lemmetravel.com\\\/pt\\\/eSIM-Country\\\/country\\\/global-esim\\\/#listItem\",\"position\":3,\"name\":\"Global eSIM\",\"item\":\"https:\\\/\\\/esim.lemmetravel.com\\\/pt\\\/eSIM-Country\\\/country\\\/global-esim\\\/\",\"nextItem\":{\"@type\":\"ListItem\",\"@id\":\"https:\\\/\\\/esim.lemmetravel.com\\\/pt\\\/LEMMETravel-eSIM\\\/Buy-eSIM\\\/discover-1-gb-10-sms-10-mins-7-days\\\/#listItem\",\"name\":\"Discover+ 1 GB &#8211; 10 SMS &#8211; 10 Mins &#8211; 7 days\"},\"previousItem\":{\"@type\":\"ListItem\",\"@id\":\"https:\\\/\\\/esim.lemmetravel.com\\\/pt\\\/esim-shopping\\\/#listItem\",\"name\":\"Travel eSIM \\u2013 Unlimited Internet with One Click\"}},{\"@type\":\"ListItem\",\"@id\":\"https:\\\/\\\/esim.lemmetravel.com\\\/pt\\\/LEMMETravel-eSIM\\\/Buy-eSIM\\\/discover-1-gb-10-sms-10-mins-7-days\\\/#listItem\",\"position\":4,\"name\":\"Discover+ 1 GB &#8211; 10 SMS &#8211; 10 Mins &#8211; 7 days\",\"previousItem\":{\"@type\":\"ListItem\",\"@id\":\"https:\\\/\\\/esim.lemmetravel.com\\\/pt\\\/eSIM-Country\\\/country\\\/global-esim\\\/#listItem\",\"name\":\"Global eSIM\"}}]},{\"@type\":\"Organization\",\"@id\":\"https:\\\/\\\/esim.lemmetravel.com\\\/pt\\\/#organization\",\"name\":\"LEMMETravel.com\\u00ae\",\"description\":\"LEMMETravel.com eSIM for Travel\",\"url\":\"https:\\\/\\\/esim.lemmetravel.com\\\/pt\\\/\",\"email\":\"support@lemmetravel.com\",\"telephone\":\"+971525234064\",\"logo\":{\"@type\":\"ImageObject\",\"url\":\"https:\\\/\\\/esim.lemmetravel.com\\\/wp-content\\\/uploads\\\/2026\\\/03\\\/LEMMETravel-SocialMedia-Logo.jpg\",\"@id\":\"https:\\\/\\\/esim.lemmetravel.com\\\/pt\\\/LEMMETravel-eSIM\\\/Buy-eSIM\\\/discover-1-gb-10-sms-10-mins-7-days\\\/#organizationLogo\",\"width\":112,\"height\":112},\"image\":{\"@id\":\"https:\\\/\\\/esim.lemmetravel.com\\\/pt\\\/LEMMETravel-eSIM\\\/Buy-eSIM\\\/discover-1-gb-10-sms-10-mins-7-days\\\/#organizationLogo\"},\"sameAs\":[\"https:\\\/\\\/x.com\\\/lemetravel\",\"https:\\\/\\\/instagram.com\\\/lemmetravelcom\",\"https:\\\/\\\/www.tiktok.com\\\/@lemmetravel\",\"https:\\\/\\\/www.linkedin.com\\\/company\\\/lemmetravel-com\"],\"address\":{\"@id\":\"https:\\\/\\\/esim.lemmetravel.com\\\/pt\\\/#postaladdress\",\"@type\":\"PostalAddress\",\"streetAddress\":\"Dubai Silicon Oasis, Dubai, United Arab Emirates\",\"postalCode\":\"19985\",\"addressLocality\":\"Dubai\",\"addressRegion\":\"\\u062f\\u0628\\u064a - Dubai\",\"addressCountry\":\"AE\"}},{\"@type\":\"Product\",\"@id\":\"https:\\\/\\\/esim.lemmetravel.com\\\/pt\\\/LEMMETravel-eSIM\\\/Buy-eSIM\\\/discover-1-gb-10-sms-10-mins-7-days\\\/#wooCommerceProduct\",\"name\":\"Discover+ 1 GB - 10 SMS - 10 Mins - 7 days\",\"url\":\"https:\\\/\\\/esim.lemmetravel.com\\\/pt\\\/LEMMETravel-eSIM\\\/Buy-eSIM\\\/discover-1-gb-10-sms-10-mins-7-days\\\/\",\"sku\":\"xiloxf-jpf-discover+-in-7days-1gb-px\",\"image\":{\"@type\":\"ImageObject\",\"url\":\"https:\\\/\\\/esim.lemmetravel.com\\\/wp-content\\\/uploads\\\/2026\\\/03\\\/LEMMETravel-eSIM-Cards-6.jpg\",\"@id\":\"https:\\\/\\\/esim.lemmetravel.com\\\/pt\\\/LEMMETravel-eSIM\\\/Buy-eSIM\\\/discover-1-gb-10-sms-10-mins-7-days\\\/#productImage\",\"width\":1920,\"height\":1080},\"offers\":{\"@type\":\"Offer\",\"url\":\"https:\\\/\\\/esim.lemmetravel.com\\\/pt\\\/LEMMETravel-eSIM\\\/Buy-eSIM\\\/discover-1-gb-10-sms-10-mins-7-days\\\/#wooCommerceOffer\",\"price\":15,\"priceCurrency\":\"USD\",\"category\":\"Global eSIM\",\"availability\":\"https:\\\/\\\/schema.org\\\/InStock\",\"priceSpecification\":{\"@type\":\"PriceSpecification\",\"price\":15,\"priceCurrency\":\"USD\",\"valueAddedTaxIncluded\":\"true\"},\"seller\":{\"@type\":\"Organization\",\"@id\":\"https:\\\/\\\/esim.lemmetravel.com\\\/pt\\\/#organization\"}}},{\"@type\":\"WebPage\",\"@id\":\"https:\\\/\\\/esim.lemmetravel.com\\\/pt\\\/LEMMETravel-eSIM\\\/Buy-eSIM\\\/discover-1-gb-10-sms-10-mins-7-days\\\/#webpage\",\"url\":\"https:\\\/\\\/esim.lemmetravel.com\\\/pt\\\/LEMMETravel-eSIM\\\/Buy-eSIM\\\/discover-1-gb-10-sms-10-mins-7-days\\\/\",\"name\":\"Discover+ 1 GB \\u2013 10 SMS \\u2013 10 Mins \\u2013 7 days\",\"description\":\"Data, voice & text global eSIM. Rechargeable online with no expiry. This eSIM includes a +1 (US-based) phone number for global use. Call forwarding and voicemail are not supported. Restrictions apply to extended usage(over 91 days) in Turkey per local regulations. The call balance is split between national and international minutes, with 25% allocated to\",\"inLanguage\":\"pt-PT\",\"isPartOf\":{\"@id\":\"https:\\\/\\\/esim.lemmetravel.com\\\/pt\\\/#website\"},\"breadcrumb\":{\"@id\":\"https:\\\/\\\/esim.lemmetravel.com\\\/pt\\\/LEMMETravel-eSIM\\\/Buy-eSIM\\\/discover-1-gb-10-sms-10-mins-7-days\\\/#breadcrumblist\"},\"image\":{\"@type\":\"ImageObject\",\"url\":\"https:\\\/\\\/esim.lemmetravel.com\\\/wp-content\\\/uploads\\\/2026\\\/03\\\/LEMMETravel-eSIM-Cards-6.jpg\",\"@id\":\"https:\\\/\\\/esim.lemmetravel.com\\\/pt\\\/LEMMETravel-eSIM\\\/Buy-eSIM\\\/discover-1-gb-10-sms-10-mins-7-days\\\/#mainImage\",\"width\":1920,\"height\":1080},\"primaryImageOfPage\":{\"@id\":\"https:\\\/\\\/esim.lemmetravel.com\\\/pt\\\/LEMMETravel-eSIM\\\/Buy-eSIM\\\/discover-1-gb-10-sms-10-mins-7-days\\\/#mainImage\"},\"datePublished\":\"2026-04-14T23:48:22+00:00\",\"dateModified\":\"2026-04-20T23:12:34+00:00\"},{\"@type\":\"WebSite\",\"@id\":\"https:\\\/\\\/esim.lemmetravel.com\\\/pt\\\/#website\",\"url\":\"https:\\\/\\\/esim.lemmetravel.com\\\/pt\\\/\",\"name\":\"LEMMETravel.com\\u00ae\",\"description\":\"LEMMETravel.com eSIM for Travel\",\"inLanguage\":\"pt-PT\",\"publisher\":{\"@id\":\"https:\\\/\\\/esim.lemmetravel.com\\\/pt\\\/#organization\"}}]}\n\t\t<\/script>\n\t\t<script type=\"text\/javascript\">\n\t\t\t(function(c,l,a,r,i,t,y){\n\t\t\tc[a]=c[a]||function(){(c[a].q=c[a].q||[]).push(arguments)};t=l.createElement(r);t.async=1;\n\t\t\tt.src=\"https:\/\/www.clarity.ms\/tag\/\"+i+\"?ref=aioseo\";y=l.getElementsByTagName(r)[0];y.parentNode.insertBefore(t,y);\n\t\t})(window, document, \"clarity\", \"script\", \"w1iy2rgvbn\");\n\t\t<\/script>\n\t\t<!-- All in One SEO Pro -->\r\n\t\t<title>Discover+ 1 GB \u2013 10 SMS \u2013 10 Mins \u2013 7 days<\/title>\n\n","aioseo_head_json":{"title":"Discover+ 1 GB \u2013 10 SMS \u2013 10 Mins \u2013 7 days","description":"Data, voice & text global eSIM. Rechargeable online with no expiry. This eSIM includes a +1 (US-based) phone number for global use. Call forwarding and voicemail are not supported. Restrictions apply to extended usage(over 91 days) in Turkey per local regulations. The call balance is split between national and international minutes, with 25% allocated to","canonical_url":"https:\/\/esim.lemmetravel.com\/pt\/LEMMETravel-eSIM\/Buy-eSIM\/discover-1-gb-10-sms-10-mins-7-days\/","robots":"noindex, max-image-preview:large","keywords":"","webmasterTools":{"msvalidate.01":"EF211A3C5305FFBB3BEFE3334716E9B8","yandex-verification":"bcae45baa1a4f9ed","miscellaneous":""},"schema":{"@context":"https:\/\/schema.org","@graph":[{"@type":"BreadcrumbList","@id":"https:\/\/esim.lemmetravel.com\/pt\/LEMMETravel-eSIM\/Buy-eSIM\/discover-1-gb-10-sms-10-mins-7-days\/#breadcrumblist","itemListElement":[{"@type":"ListItem","@id":"https:\/\/esim.lemmetravel.com\/pt#listItem","position":1,"name":"Home","item":"https:\/\/esim.lemmetravel.com\/pt","nextItem":{"@type":"ListItem","@id":"https:\/\/esim.lemmetravel.com\/pt\/esim-shopping\/#listItem","name":"Travel eSIM \u2013 Unlimited Internet with One Click"}},{"@type":"ListItem","@id":"https:\/\/esim.lemmetravel.com\/pt\/esim-shopping\/#listItem","position":2,"name":"Travel eSIM \u2013 Unlimited Internet with One Click","item":"https:\/\/esim.lemmetravel.com\/pt\/esim-shopping\/","nextItem":{"@type":"ListItem","@id":"https:\/\/esim.lemmetravel.com\/pt\/eSIM-Country\/country\/global-esim\/#listItem","name":"Global eSIM"},"previousItem":{"@type":"ListItem","@id":"https:\/\/esim.lemmetravel.com\/pt#listItem","name":"Home"}},{"@type":"ListItem","@id":"https:\/\/esim.lemmetravel.com\/pt\/eSIM-Country\/country\/global-esim\/#listItem","position":3,"name":"Global eSIM","item":"https:\/\/esim.lemmetravel.com\/pt\/eSIM-Country\/country\/global-esim\/","nextItem":{"@type":"ListItem","@id":"https:\/\/esim.lemmetravel.com\/pt\/LEMMETravel-eSIM\/Buy-eSIM\/discover-1-gb-10-sms-10-mins-7-days\/#listItem","name":"Discover+ 1 GB &#8211; 10 SMS &#8211; 10 Mins &#8211; 7 days"},"previousItem":{"@type":"ListItem","@id":"https:\/\/esim.lemmetravel.com\/pt\/esim-shopping\/#listItem","name":"Travel eSIM \u2013 Unlimited Internet with One Click"}},{"@type":"ListItem","@id":"https:\/\/esim.lemmetravel.com\/pt\/LEMMETravel-eSIM\/Buy-eSIM\/discover-1-gb-10-sms-10-mins-7-days\/#listItem","position":4,"name":"Discover+ 1 GB &#8211; 10 SMS &#8211; 10 Mins &#8211; 7 days","previousItem":{"@type":"ListItem","@id":"https:\/\/esim.lemmetravel.com\/pt\/eSIM-Country\/country\/global-esim\/#listItem","name":"Global eSIM"}}]},{"@type":"Organization","@id":"https:\/\/esim.lemmetravel.com\/pt\/#organization","name":"LEMMETravel.com\u00ae","description":"LEMMETravel.com eSIM for Travel","url":"https:\/\/esim.lemmetravel.com\/pt\/","email":"support@lemmetravel.com","telephone":"+971525234064","logo":{"@type":"ImageObject","url":"https:\/\/esim.lemmetravel.com\/wp-content\/uploads\/2026\/03\/LEMMETravel-SocialMedia-Logo.jpg","@id":"https:\/\/esim.lemmetravel.com\/pt\/LEMMETravel-eSIM\/Buy-eSIM\/discover-1-gb-10-sms-10-mins-7-days\/#organizationLogo","width":112,"height":112},"image":{"@id":"https:\/\/esim.lemmetravel.com\/pt\/LEMMETravel-eSIM\/Buy-eSIM\/discover-1-gb-10-sms-10-mins-7-days\/#organizationLogo"},"sameAs":["https:\/\/x.com\/lemetravel","https:\/\/instagram.com\/lemmetravelcom","https:\/\/www.tiktok.com\/@lemmetravel","https:\/\/www.linkedin.com\/company\/lemmetravel-com"],"address":{"@id":"https:\/\/esim.lemmetravel.com\/pt\/#postaladdress","@type":"PostalAddress","streetAddress":"Dubai Silicon Oasis, Dubai, United Arab Emirates","postalCode":"19985","addressLocality":"Dubai","addressRegion":"\u062f\u0628\u064a - Dubai","addressCountry":"AE"}},{"@type":"Product","@id":"https:\/\/esim.lemmetravel.com\/pt\/LEMMETravel-eSIM\/Buy-eSIM\/discover-1-gb-10-sms-10-mins-7-days\/#wooCommerceProduct","name":"Discover+ 1 GB - 10 SMS - 10 Mins - 7 days","url":"https:\/\/esim.lemmetravel.com\/pt\/LEMMETravel-eSIM\/Buy-eSIM\/discover-1-gb-10-sms-10-mins-7-days\/","sku":"xiloxf-jpf-discover+-in-7days-1gb-px","image":{"@type":"ImageObject","url":"https:\/\/esim.lemmetravel.com\/wp-content\/uploads\/2026\/03\/LEMMETravel-eSIM-Cards-6.jpg","@id":"https:\/\/esim.lemmetravel.com\/pt\/LEMMETravel-eSIM\/Buy-eSIM\/discover-1-gb-10-sms-10-mins-7-days\/#productImage","width":1920,"height":1080},"offers":{"@type":"Offer","url":"https:\/\/esim.lemmetravel.com\/pt\/LEMMETravel-eSIM\/Buy-eSIM\/discover-1-gb-10-sms-10-mins-7-days\/#wooCommerceOffer","price":15,"priceCurrency":"USD","category":"Global eSIM","availability":"https:\/\/schema.org\/InStock","priceSpecification":{"@type":"PriceSpecification","price":15,"priceCurrency":"USD","valueAddedTaxIncluded":"true"},"seller":{"@type":"Organization","@id":"https:\/\/esim.lemmetravel.com\/pt\/#organization"}}},{"@type":"WebPage","@id":"https:\/\/esim.lemmetravel.com\/pt\/LEMMETravel-eSIM\/Buy-eSIM\/discover-1-gb-10-sms-10-mins-7-days\/#webpage","url":"https:\/\/esim.lemmetravel.com\/pt\/LEMMETravel-eSIM\/Buy-eSIM\/discover-1-gb-10-sms-10-mins-7-days\/","name":"Discover+ 1 GB \u2013 10 SMS \u2013 10 Mins \u2013 7 days","description":"Data, voice & text global eSIM. Rechargeable online with no expiry. This eSIM includes a +1 (US-based) phone number for global use. Call forwarding and voicemail are not supported. Restrictions apply to extended usage(over 91 days) in Turkey per local regulations. The call balance is split between national and international minutes, with 25% allocated to","inLanguage":"pt-PT","isPartOf":{"@id":"https:\/\/esim.lemmetravel.com\/pt\/#website"},"breadcrumb":{"@id":"https:\/\/esim.lemmetravel.com\/pt\/LEMMETravel-eSIM\/Buy-eSIM\/discover-1-gb-10-sms-10-mins-7-days\/#breadcrumblist"},"image":{"@type":"ImageObject","url":"https:\/\/esim.lemmetravel.com\/wp-content\/uploads\/2026\/03\/LEMMETravel-eSIM-Cards-6.jpg","@id":"https:\/\/esim.lemmetravel.com\/pt\/LEMMETravel-eSIM\/Buy-eSIM\/discover-1-gb-10-sms-10-mins-7-days\/#mainImage","width":1920,"height":1080},"primaryImageOfPage":{"@id":"https:\/\/esim.lemmetravel.com\/pt\/LEMMETravel-eSIM\/Buy-eSIM\/discover-1-gb-10-sms-10-mins-7-days\/#mainImage"},"datePublished":"2026-04-14T23:48:22+00:00","dateModified":"2026-04-20T23:12:34+00:00"},{"@type":"WebSite","@id":"https:\/\/esim.lemmetravel.com\/pt\/#website","url":"https:\/\/esim.lemmetravel.com\/pt\/","name":"LEMMETravel.com\u00ae","description":"LEMMETravel.com eSIM for Travel","inLanguage":"pt-PT","publisher":{"@id":"https:\/\/esim.lemmetravel.com\/pt\/#organization"}}]},"og:locale":"pt_PT","og:site_name":"LEMMETravel.com\u00ae | LEMMETravel.com eSIM for Travel","og:type":"article","og:title":"Discover+ 1 GB \u2013 10 SMS \u2013 10 Mins \u2013 7 days","og:description":"Data, voice &amp; text global eSIM. Rechargeable online with no expiry. This eSIM includes a +1 (US-based) phone number for global use. Call forwarding and voicemail are not supported. Restrictions apply to extended usage(over 91 days) in Turkey per local regulations. The call balance is split between national and international minutes, with 25% allocated to","og:url":"https:\/\/esim.lemmetravel.com\/pt\/LEMMETravel-eSIM\/Buy-eSIM\/discover-1-gb-10-sms-10-mins-7-days\/","og:image":"https:\/\/esim.lemmetravel.com\/wp-content\/uploads\/2026\/03\/Gemini_Generated_Image_8tklrz8tklrz8tkl-1.png","og:image:secure_url":"https:\/\/esim.lemmetravel.com\/wp-content\/uploads\/2026\/03\/Gemini_Generated_Image_8tklrz8tklrz8tkl-1.png","og:image:width":1024,"og:image:height":1024,"article:published_time":"2026-04-14T23:48:22+00:00","article:modified_time":"2026-04-20T23:12:34+00:00","article:publisher":"https:\/\/web.facebook.com\/LEMETravelcom\/","twitter:card":"summary_large_image","twitter:site":"@lemetravel","twitter:title":"Discover+ 1 GB \u2013 10 SMS \u2013 10 Mins \u2013 7 days","twitter:description":"Data, voice &amp; text global eSIM. Rechargeable online with no expiry. This eSIM includes a +1 (US-based) phone number for global use. Call forwarding and voicemail are not supported. Restrictions apply to extended usage(over 91 days) in Turkey per local regulations. The call balance is split between national and international minutes, with 25% allocated to","twitter:image":"https:\/\/esim.lemmetravel.com\/wp-content\/uploads\/2026\/03\/Gemini_Generated_Image_8tklrz8tklrz8tkl-1.png"},"aioseo_meta_data":{"post_id":"20655","title":null,"description":null,"keywords":null,"keyphrases":null,"primary_term":null,"canonical_url":null,"og_title":null,"og_description":null,"og_object_type":"default","og_image_type":"default","og_image_url":null,"og_image_width":null,"og_image_height":null,"og_image_custom_url":null,"og_image_custom_fields":null,"og_video":null,"og_custom_url":null,"og_article_section":null,"og_article_tags":null,"twitter_use_og":true,"twitter_card":"default","twitter_image_type":"default","twitter_image_url":null,"twitter_image_custom_url":null,"twitter_image_custom_fields":null,"twitter_title":null,"twitter_description":null,"schema":{"blockGraphs":[],"customGraphs":[],"default":{"data":{"Article":[],"Course":[],"Dataset":[],"FAQPage":[],"Movie":[],"Person":[],"Product":[],"ProductReview":[],"Car":[],"Recipe":[],"Service":[],"SoftwareApplication":[],"WebPage":[]},"graphName":"","isEnabled":true},"graphs":[]},"schema_type":"default","schema_type_options":null,"pillar_content":false,"robots_default":true,"robots_noindex":false,"robots_noarchive":false,"robots_nosnippet":false,"robots_nofollow":false,"robots_noimageindex":false,"robots_noodp":false,"robots_notranslate":false,"robots_max_snippet":null,"robots_max_videopreview":null,"robots_max_imagepreview":"large","priority":null,"frequency":null,"local_seo":null,"seo_analyzer_scan_date":"2026-04-15 00:57:15","breadcrumb_settings":null,"limit_modified_date":false,"reviewed_by":null,"open_ai":null,"ai":null,"created":"2026-04-14 23:48:22","updated":"2026-04-20 22:58:10"},"aioseo_breadcrumb":"<div class=\"aioseo-breadcrumbs\"><span class=\"aioseo-breadcrumb\">\n\t<a href=\"https:\/\/esim.lemmetravel.com\/pt\" title=\"Home\">Home<\/a>\n<\/span><span class=\"aioseo-breadcrumb-separator\">|<\/span><span class=\"aioseo-breadcrumb\">\n\t<a href=\"https:\/\/esim.lemmetravel.com\/pt\/esim-shopping\/\" title=\"Travel eSIM \u2013 Unlimited Internet with One Click\">Travel eSIM \u2013 Unlimited Internet with One Click<\/a>\n<\/span><span class=\"aioseo-breadcrumb-separator\">|<\/span><span class=\"aioseo-breadcrumb\">\n\t<a href=\"https:\/\/esim.lemmetravel.com\/pt\/eSIM-Country\/country\/global-esim\/\" title=\"Global eSIM\">Global eSIM<\/a>\n<\/span><span class=\"aioseo-breadcrumb-separator\">|<\/span><span class=\"aioseo-breadcrumb\">\n\tDiscover+ 1 GB \u2013 10 SMS \u2013 10 Mins \u2013 7 days\n<\/span><\/div>","aioseo_breadcrumb_json":[{"label":"Home","link":"https:\/\/esim.lemmetravel.com\/pt"},{"label":"Travel eSIM \u2013 Unlimited Internet with One Click","link":"https:\/\/esim.lemmetravel.com\/pt\/esim-shopping\/"},{"label":"Global eSIM","link":"https:\/\/esim.lemmetravel.com\/pt\/eSIM-Country\/country\/global-esim\/"},{"label":"Discover+ 1 GB &#8211; 10 SMS &#8211; 10 Mins &#8211; 7 days","link":"https:\/\/esim.lemmetravel.com\/pt\/LEMMETravel-eSIM\/Buy-eSIM\/discover-1-gb-10-sms-10-mins-7-days\/"}],"_links":{"self":[{"href":"https:\/\/esim.lemmetravel.com\/pt\/wp-json\/wp\/v2\/product\/20655","targetHints":{"allow":["GET"]}}],"collection":[{"href":"https:\/\/esim.lemmetravel.com\/pt\/wp-json\/wp\/v2\/product"}],"about":[{"href":"https:\/\/esim.lemmetravel.com\/pt\/wp-json\/wp\/v2\/types\/product"}],"replies":[{"embeddable":true,"href":"https:\/\/esim.lemmetravel.com\/pt\/wp-json\/wp\/v2\/comments?post=20655"}],"version-history":[{"count":0,"href":"https:\/\/esim.lemmetravel.com\/pt\/wp-json\/wp\/v2\/product\/20655\/revisions"}],"wp:featuredmedia":[{"embeddable":true,"href":"https:\/\/esim.lemmetravel.com\/pt\/wp-json\/wp\/v2\/media\/19321"}],"wp:attachment":[{"href":"https:\/\/esim.lemmetravel.com\/pt\/wp-json\/wp\/v2\/media?parent=20655"}],"wp:term":[{"taxonomy":"product_brand","embeddable":true,"href":"https:\/\/esim.lemmetravel.com\/pt\/wp-json\/wp\/v2\/product_brand?post=20655"},{"taxonomy":"product_cat","embeddable":true,"href":"https:\/\/esim.lemmetravel.com\/pt\/wp-json\/wp\/v2\/product_cat?post=20655"},{"taxonomy":"product_tag","embeddable":true,"href":"https:\/\/esim.lemmetravel.com\/pt\/wp-json\/wp\/v2\/product_tag?post=20655"}],"curies":[{"name":"wp","href":"https:\/\/api.w.org\/{rel}","templated":true}]}}