{"id":12591,"date":"2025-10-06T17:11:14","date_gmt":"2025-10-06T17:11:14","guid":{"rendered":"https:\/\/esim.lemmetravel.com\/product\/burj-mobile-50-gb-30-days\/"},"modified":"2026-04-10T23:11:51","modified_gmt":"2026-04-10T23:11:51","slug":"burj-mobile-50-gb-30-days","status":"publish","type":"product","link":"https:\/\/esim.lemmetravel.com\/fr\/LEMMETravel-eSIM\/Buy-eSIM\/burj-mobile-50-gb-30-days\/","title":{"rendered":"Burj Mobile 50 GB &#8211; 30 days"},"content":{"rendered":"<p>eSIM 5G uniquement pour donn\u00e9es.<br \/>\nRechargeable en ligne sans date d&#039;expiration.<br \/>\nOp\u00e8re sur le r\u00e9seau Etisalat aux \u00c9mirats arabes unis.<br \/>\nCette eSIM est destin\u00e9e aux voyageurs aux \u00c9mirats arabes unis.<\/p>","protected":false},"excerpt":{"rendered":"<p>Carte eSIM 5G avec donn\u00e9es uniquement. Rechargeable en ligne sans date d&#039;expiration. Fonctionne sur le r\u00e9seau Etisalat aux \u00c9mirats arabes unis. Cette eSIM est destin\u00e9e aux voyageurs se rendant aux \u00c9mirats arabes unis.<\/p>","protected":false},"featured_media":13776,"comment_status":"open","ping_status":"closed","template":"","meta":{"om_disable_all_campaigns":false,"_monsterinsights_skip_tracking":false,"_monsterinsights_sitenote_active":false,"_monsterinsights_sitenote_note":"","_monsterinsights_sitenote_category":0,"_uf_show_specific_survey":0,"_uf_disable_surveys":false},"product_brand":[],"product_cat":[755,757,761,738,759,758,756,760,457],"product_tag":[],"class_list":{"0":"post-12591","1":"product","2":"type-product","3":"status-publish","4":"has-post-thumbnail","6":"product_cat-abu-dhabi-esim","7":"product_cat-ajman-esim","8":"product_cat-al-ain-esim","9":"product_cat-dubai-esim","10":"product_cat-fujairah-esim","11":"product_cat-ras-al-khaimah-esim","12":"product_cat-sharjah-esim","13":"product_cat-umm-al-quwain-esim","14":"product_cat-united-arab-emirates-esim","16":"first","17":"instock","18":"virtual","19":"taxable","20":"purchasable","21":"product-type-simple"},"aioseo_notices":[],"aioseo_head":"\n\t\t<!-- All in One SEO Pro 4.9.5.2 - aioseo.com -->\n\t<meta name=\"description\" content=\"5G data-only eSIM. Rechargeable online with no expiry. Operates on the Etisalat network in the United Arab Emirates. This eSIM is for travelers to the United Arab Emirates.\" \/>\n\t<meta name=\"robots\" content=\"noindex, max-image-preview:large\" \/>\n\t<meta name=\"msvalidate.01\" content=\"EF211A3C5305FFBB3BEFE3334716E9B8\" \/>\n\t<meta name=\"yandex-verification\" content=\"bcae45baa1a4f9ed\" \/>\n\t<link rel=\"canonical\" href=\"https:\/\/esim.lemmetravel.com\/fr\/LEMMETravel-eSIM\/Buy-eSIM\/burj-mobile-50-gb-30-days\/\" \/>\n\t<meta name=\"generator\" content=\"All in One SEO Pro (AIOSEO) 4.9.5.2\" \/>\n\t\t<meta property=\"og:locale\" content=\"fr_FR\" \/>\n\t\t<meta property=\"og:site_name\" content=\"LEMMETravel.com\u00ae | LEMMETravel.com eSIM for Travel\" \/>\n\t\t<meta property=\"og:type\" content=\"article\" \/>\n\t\t<meta property=\"og:title\" content=\"Burj Mobile 50 GB \u2013 30 days | LEMMETravel.com\u00ae\" \/>\n\t\t<meta property=\"og:description\" content=\"5G data-only eSIM. Rechargeable online with no expiry. Operates on the Etisalat network in the United Arab Emirates. This eSIM is for travelers to the United Arab Emirates.\" \/>\n\t\t<meta property=\"og:url\" content=\"https:\/\/esim.lemmetravel.com\/fr\/LEMMETravel-eSIM\/Buy-eSIM\/burj-mobile-50-gb-30-days\/\" \/>\n\t\t<meta property=\"og:image\" content=\"https:\/\/esim.lemmetravel.com\/wp-content\/uploads\/2026\/03\/Gemini_Generated_Image_8tklrz8tklrz8tkl-1.png\" \/>\n\t\t<meta property=\"og:image:secure_url\" content=\"https:\/\/esim.lemmetravel.com\/wp-content\/uploads\/2026\/03\/Gemini_Generated_Image_8tklrz8tklrz8tkl-1.png\" \/>\n\t\t<meta property=\"og:image:width\" content=\"1024\" \/>\n\t\t<meta property=\"og:image:height\" content=\"1024\" \/>\n\t\t<meta property=\"article:published_time\" content=\"2025-10-06T17:11:14+00:00\" \/>\n\t\t<meta property=\"article:modified_time\" content=\"2026-04-10T23:11:51+00:00\" \/>\n\t\t<meta property=\"article:publisher\" content=\"https:\/\/web.facebook.com\/LEMETravelcom\/\" \/>\n\t\t<meta name=\"twitter:card\" content=\"summary_large_image\" \/>\n\t\t<meta name=\"twitter:site\" content=\"@lemetravel\" \/>\n\t\t<meta name=\"twitter:title\" content=\"Burj Mobile 50 GB \u2013 30 days | LEMMETravel.com\u00ae\" \/>\n\t\t<meta name=\"twitter:description\" content=\"5G data-only eSIM. Rechargeable online with no expiry. Operates on the Etisalat network in the United Arab Emirates. This eSIM is for travelers to the United Arab Emirates.\" \/>\n\t\t<meta name=\"twitter:image\" content=\"https:\/\/esim.lemmetravel.com\/wp-content\/uploads\/2026\/03\/Gemini_Generated_Image_t89fkgt89fkgt89f.png\" \/>\n\t\t<script type=\"application\/ld+json\" class=\"aioseo-schema\">\n\t\t\t{\"@context\":\"https:\\\/\\\/schema.org\",\"@graph\":[{\"@type\":\"BreadcrumbList\",\"@id\":\"https:\\\/\\\/esim.lemmetravel.com\\\/fr\\\/LEMMETravel-eSIM\\\/Buy-eSIM\\\/burj-mobile-50-gb-30-days\\\/#breadcrumblist\",\"itemListElement\":[{\"@type\":\"ListItem\",\"@id\":\"https:\\\/\\\/esim.lemmetravel.com\\\/fr#listItem\",\"position\":1,\"name\":\"Home\",\"item\":\"https:\\\/\\\/esim.lemmetravel.com\\\/fr\",\"nextItem\":{\"@type\":\"ListItem\",\"@id\":\"https:\\\/\\\/esim.lemmetravel.com\\\/fr\\\/esim-shopping\\\/#listItem\",\"name\":\"Travel eSIM \\u2013 Unlimited Internet with One Click\"}},{\"@type\":\"ListItem\",\"@id\":\"https:\\\/\\\/esim.lemmetravel.com\\\/fr\\\/esim-shopping\\\/#listItem\",\"position\":2,\"name\":\"Travel eSIM \\u2013 Unlimited Internet with One Click\",\"item\":\"https:\\\/\\\/esim.lemmetravel.com\\\/fr\\\/esim-shopping\\\/\",\"nextItem\":{\"@type\":\"ListItem\",\"@id\":\"https:\\\/\\\/esim.lemmetravel.com\\\/fr\\\/eSIM-Country\\\/country\\\/united-arab-emirates-esim\\\/#listItem\",\"name\":\"United Arab Emirates ( UAE ) eSIM\"},\"previousItem\":{\"@type\":\"ListItem\",\"@id\":\"https:\\\/\\\/esim.lemmetravel.com\\\/fr#listItem\",\"name\":\"Home\"}},{\"@type\":\"ListItem\",\"@id\":\"https:\\\/\\\/esim.lemmetravel.com\\\/fr\\\/eSIM-Country\\\/country\\\/united-arab-emirates-esim\\\/#listItem\",\"position\":3,\"name\":\"United Arab Emirates ( UAE ) eSIM\",\"item\":\"https:\\\/\\\/esim.lemmetravel.com\\\/fr\\\/eSIM-Country\\\/country\\\/united-arab-emirates-esim\\\/\",\"nextItem\":{\"@type\":\"ListItem\",\"@id\":\"https:\\\/\\\/esim.lemmetravel.com\\\/fr\\\/eSIM-Country\\\/country\\\/united-arab-emirates-esim\\\/dubai-esim\\\/#listItem\",\"name\":\"Dubai eSIM\"},\"previousItem\":{\"@type\":\"ListItem\",\"@id\":\"https:\\\/\\\/esim.lemmetravel.com\\\/fr\\\/esim-shopping\\\/#listItem\",\"name\":\"Travel eSIM \\u2013 Unlimited Internet with One Click\"}},{\"@type\":\"ListItem\",\"@id\":\"https:\\\/\\\/esim.lemmetravel.com\\\/fr\\\/eSIM-Country\\\/country\\\/united-arab-emirates-esim\\\/dubai-esim\\\/#listItem\",\"position\":4,\"name\":\"Dubai eSIM\",\"item\":\"https:\\\/\\\/esim.lemmetravel.com\\\/fr\\\/eSIM-Country\\\/country\\\/united-arab-emirates-esim\\\/dubai-esim\\\/\",\"nextItem\":{\"@type\":\"ListItem\",\"@id\":\"https:\\\/\\\/esim.lemmetravel.com\\\/fr\\\/LEMMETravel-eSIM\\\/Buy-eSIM\\\/burj-mobile-50-gb-30-days\\\/#listItem\",\"name\":\"Burj Mobile 50 GB &#8211; 30 days\"},\"previousItem\":{\"@type\":\"ListItem\",\"@id\":\"https:\\\/\\\/esim.lemmetravel.com\\\/fr\\\/eSIM-Country\\\/country\\\/united-arab-emirates-esim\\\/#listItem\",\"name\":\"United Arab Emirates ( UAE ) eSIM\"}},{\"@type\":\"ListItem\",\"@id\":\"https:\\\/\\\/esim.lemmetravel.com\\\/fr\\\/LEMMETravel-eSIM\\\/Buy-eSIM\\\/burj-mobile-50-gb-30-days\\\/#listItem\",\"position\":5,\"name\":\"Burj Mobile 50 GB &#8211; 30 days\",\"previousItem\":{\"@type\":\"ListItem\",\"@id\":\"https:\\\/\\\/esim.lemmetravel.com\\\/fr\\\/eSIM-Country\\\/country\\\/united-arab-emirates-esim\\\/dubai-esim\\\/#listItem\",\"name\":\"Dubai eSIM\"}}]},{\"@type\":\"Organization\",\"@id\":\"https:\\\/\\\/esim.lemmetravel.com\\\/fr\\\/#organization\",\"name\":\"LEMMETravel.com\\u00ae\",\"description\":\"LEMMETravel.com eSIM for Travel\",\"url\":\"https:\\\/\\\/esim.lemmetravel.com\\\/fr\\\/\",\"email\":\"support@lemmetravel.com\",\"telephone\":\"+971525234064\",\"logo\":{\"@type\":\"ImageObject\",\"url\":\"https:\\\/\\\/esim.lemmetravel.com\\\/wp-content\\\/uploads\\\/2026\\\/03\\\/LEMMETravel-SocialMedia-Logo.jpg\",\"@id\":\"https:\\\/\\\/esim.lemmetravel.com\\\/fr\\\/LEMMETravel-eSIM\\\/Buy-eSIM\\\/burj-mobile-50-gb-30-days\\\/#organizationLogo\",\"width\":112,\"height\":112},\"image\":{\"@id\":\"https:\\\/\\\/esim.lemmetravel.com\\\/fr\\\/LEMMETravel-eSIM\\\/Buy-eSIM\\\/burj-mobile-50-gb-30-days\\\/#organizationLogo\"},\"sameAs\":[\"https:\\\/\\\/x.com\\\/lemetravel\",\"https:\\\/\\\/instagram.com\\\/lemmetravelcom\",\"https:\\\/\\\/www.tiktok.com\\\/@lemmetravel\",\"https:\\\/\\\/www.linkedin.com\\\/company\\\/lemmetravel-com\"],\"address\":{\"@id\":\"https:\\\/\\\/esim.lemmetravel.com\\\/fr\\\/#postaladdress\",\"@type\":\"PostalAddress\",\"streetAddress\":\"Dubai Silicon Oasis, Dubai, United Arab Emirates\",\"postalCode\":\"19985\",\"addressLocality\":\"Dubai\",\"addressRegion\":\"\\u062f\\u0628\\u064a - Dubai\",\"addressCountry\":\"AE\"}},{\"@type\":\"Product\",\"@id\":\"https:\\\/\\\/esim.lemmetravel.com\\\/fr\\\/LEMMETravel-eSIM\\\/Buy-eSIM\\\/burj-mobile-50-gb-30-days\\\/#wooCommerceProduct\",\"name\":\"Burj Mobile 50 GB - 30 days\",\"url\":\"https:\\\/\\\/esim.lemmetravel.com\\\/fr\\\/LEMMETravel-eSIM\\\/Buy-eSIM\\\/burj-mobile-50-gb-30-days\\\/\",\"sku\":\"xiloxf-jpf-burj-mobile-30days-50gb\",\"image\":{\"@type\":\"ImageObject\",\"url\":\"https:\\\/\\\/esim.lemmetravel.com\\\/wp-content\\\/uploads\\\/2025\\\/11\\\/UAE-eSIM.jpg\",\"@id\":\"https:\\\/\\\/esim.lemmetravel.com\\\/fr\\\/LEMMETravel-eSIM\\\/Buy-eSIM\\\/burj-mobile-50-gb-30-days\\\/#productImage\",\"width\":1920,\"height\":1080},\"offers\":{\"@type\":\"Offer\",\"url\":\"https:\\\/\\\/esim.lemmetravel.com\\\/fr\\\/LEMMETravel-eSIM\\\/Buy-eSIM\\\/burj-mobile-50-gb-30-days\\\/#wooCommerceOffer\",\"price\":78,\"priceCurrency\":\"USD\",\"category\":\"Abu Dhabi eSIM\",\"availability\":\"https:\\\/\\\/schema.org\\\/InStock\",\"priceSpecification\":{\"@type\":\"PriceSpecification\",\"price\":78,\"priceCurrency\":\"USD\",\"valueAddedTaxIncluded\":\"true\"},\"seller\":{\"@type\":\"Organization\",\"@id\":\"https:\\\/\\\/esim.lemmetravel.com\\\/fr\\\/#organization\"}}},{\"@type\":\"WebPage\",\"@id\":\"https:\\\/\\\/esim.lemmetravel.com\\\/fr\\\/LEMMETravel-eSIM\\\/Buy-eSIM\\\/burj-mobile-50-gb-30-days\\\/#webpage\",\"url\":\"https:\\\/\\\/esim.lemmetravel.com\\\/fr\\\/LEMMETravel-eSIM\\\/Buy-eSIM\\\/burj-mobile-50-gb-30-days\\\/\",\"name\":\"Burj Mobile 50 GB \\u2013 30 days | LEMMETravel.com\\u00ae\",\"description\":\"5G data-only eSIM. Rechargeable online with no expiry. Operates on the Etisalat network in the United Arab Emirates. This eSIM is for travelers to the United Arab Emirates.\",\"inLanguage\":\"fr-FR\",\"isPartOf\":{\"@id\":\"https:\\\/\\\/esim.lemmetravel.com\\\/fr\\\/#website\"},\"breadcrumb\":{\"@id\":\"https:\\\/\\\/esim.lemmetravel.com\\\/fr\\\/LEMMETravel-eSIM\\\/Buy-eSIM\\\/burj-mobile-50-gb-30-days\\\/#breadcrumblist\"},\"image\":{\"@type\":\"ImageObject\",\"url\":\"https:\\\/\\\/esim.lemmetravel.com\\\/wp-content\\\/uploads\\\/2025\\\/11\\\/UAE-eSIM.jpg\",\"@id\":\"https:\\\/\\\/esim.lemmetravel.com\\\/fr\\\/LEMMETravel-eSIM\\\/Buy-eSIM\\\/burj-mobile-50-gb-30-days\\\/#mainImage\",\"width\":1920,\"height\":1080},\"primaryImageOfPage\":{\"@id\":\"https:\\\/\\\/esim.lemmetravel.com\\\/fr\\\/LEMMETravel-eSIM\\\/Buy-eSIM\\\/burj-mobile-50-gb-30-days\\\/#mainImage\"},\"datePublished\":\"2025-10-06T17:11:14+00:00\",\"dateModified\":\"2026-04-10T23:11:51+00:00\"},{\"@type\":\"WebSite\",\"@id\":\"https:\\\/\\\/esim.lemmetravel.com\\\/fr\\\/#website\",\"url\":\"https:\\\/\\\/esim.lemmetravel.com\\\/fr\\\/\",\"name\":\"LEMMETravel.com\\u00ae\",\"description\":\"LEMMETravel.com eSIM for Travel\",\"inLanguage\":\"fr-FR\",\"publisher\":{\"@id\":\"https:\\\/\\\/esim.lemmetravel.com\\\/fr\\\/#organization\"}}]}\n\t\t<\/script>\n\t\t<script type=\"text\/javascript\">\n\t\t\t(function(c,l,a,r,i,t,y){\n\t\t\tc[a]=c[a]||function(){(c[a].q=c[a].q||[]).push(arguments)};t=l.createElement(r);t.async=1;\n\t\t\tt.src=\"https:\/\/www.clarity.ms\/tag\/\"+i+\"?ref=aioseo\";y=l.getElementsByTagName(r)[0];y.parentNode.insertBefore(t,y);\n\t\t})(window, document, \"clarity\", \"script\", \"w1iy2rgvbn\");\n\t\t<\/script>\n\t\t<!-- All in One SEO Pro -->\r\n\t\t<title>Burj Mobile 50 GB \u2013 30 days | LEMMETravel.com\u00ae<\/title>\n\n","aioseo_head_json":{"title":"Burj Mobile 50 GB \u2013 30 days | LEMMETravel.com\u00ae","description":"5G data-only eSIM. Rechargeable online with no expiry. Operates on the Etisalat network in the United Arab Emirates. This eSIM is for travelers to the United Arab Emirates.","canonical_url":"https:\/\/esim.lemmetravel.com\/fr\/LEMMETravel-eSIM\/Buy-eSIM\/burj-mobile-50-gb-30-days\/","robots":"noindex, max-image-preview:large","keywords":"","webmasterTools":{"msvalidate.01":"EF211A3C5305FFBB3BEFE3334716E9B8","yandex-verification":"bcae45baa1a4f9ed","miscellaneous":""},"schema":{"@context":"https:\/\/schema.org","@graph":[{"@type":"BreadcrumbList","@id":"https:\/\/esim.lemmetravel.com\/fr\/LEMMETravel-eSIM\/Buy-eSIM\/burj-mobile-50-gb-30-days\/#breadcrumblist","itemListElement":[{"@type":"ListItem","@id":"https:\/\/esim.lemmetravel.com\/fr#listItem","position":1,"name":"Home","item":"https:\/\/esim.lemmetravel.com\/fr","nextItem":{"@type":"ListItem","@id":"https:\/\/esim.lemmetravel.com\/fr\/esim-shopping\/#listItem","name":"Travel eSIM \u2013 Unlimited Internet with One Click"}},{"@type":"ListItem","@id":"https:\/\/esim.lemmetravel.com\/fr\/esim-shopping\/#listItem","position":2,"name":"Travel eSIM \u2013 Unlimited Internet with One Click","item":"https:\/\/esim.lemmetravel.com\/fr\/esim-shopping\/","nextItem":{"@type":"ListItem","@id":"https:\/\/esim.lemmetravel.com\/fr\/eSIM-Country\/country\/united-arab-emirates-esim\/#listItem","name":"United Arab Emirates ( UAE ) eSIM"},"previousItem":{"@type":"ListItem","@id":"https:\/\/esim.lemmetravel.com\/fr#listItem","name":"Home"}},{"@type":"ListItem","@id":"https:\/\/esim.lemmetravel.com\/fr\/eSIM-Country\/country\/united-arab-emirates-esim\/#listItem","position":3,"name":"United Arab Emirates ( UAE ) eSIM","item":"https:\/\/esim.lemmetravel.com\/fr\/eSIM-Country\/country\/united-arab-emirates-esim\/","nextItem":{"@type":"ListItem","@id":"https:\/\/esim.lemmetravel.com\/fr\/eSIM-Country\/country\/united-arab-emirates-esim\/dubai-esim\/#listItem","name":"Dubai eSIM"},"previousItem":{"@type":"ListItem","@id":"https:\/\/esim.lemmetravel.com\/fr\/esim-shopping\/#listItem","name":"Travel eSIM \u2013 Unlimited Internet with One Click"}},{"@type":"ListItem","@id":"https:\/\/esim.lemmetravel.com\/fr\/eSIM-Country\/country\/united-arab-emirates-esim\/dubai-esim\/#listItem","position":4,"name":"Dubai eSIM","item":"https:\/\/esim.lemmetravel.com\/fr\/eSIM-Country\/country\/united-arab-emirates-esim\/dubai-esim\/","nextItem":{"@type":"ListItem","@id":"https:\/\/esim.lemmetravel.com\/fr\/LEMMETravel-eSIM\/Buy-eSIM\/burj-mobile-50-gb-30-days\/#listItem","name":"Burj Mobile 50 GB &#8211; 30 days"},"previousItem":{"@type":"ListItem","@id":"https:\/\/esim.lemmetravel.com\/fr\/eSIM-Country\/country\/united-arab-emirates-esim\/#listItem","name":"United Arab Emirates ( UAE ) eSIM"}},{"@type":"ListItem","@id":"https:\/\/esim.lemmetravel.com\/fr\/LEMMETravel-eSIM\/Buy-eSIM\/burj-mobile-50-gb-30-days\/#listItem","position":5,"name":"Burj Mobile 50 GB &#8211; 30 days","previousItem":{"@type":"ListItem","@id":"https:\/\/esim.lemmetravel.com\/fr\/eSIM-Country\/country\/united-arab-emirates-esim\/dubai-esim\/#listItem","name":"Dubai eSIM"}}]},{"@type":"Organization","@id":"https:\/\/esim.lemmetravel.com\/fr\/#organization","name":"LEMMETravel.com\u00ae","description":"LEMMETravel.com eSIM for Travel","url":"https:\/\/esim.lemmetravel.com\/fr\/","email":"support@lemmetravel.com","telephone":"+971525234064","logo":{"@type":"ImageObject","url":"https:\/\/esim.lemmetravel.com\/wp-content\/uploads\/2026\/03\/LEMMETravel-SocialMedia-Logo.jpg","@id":"https:\/\/esim.lemmetravel.com\/fr\/LEMMETravel-eSIM\/Buy-eSIM\/burj-mobile-50-gb-30-days\/#organizationLogo","width":112,"height":112},"image":{"@id":"https:\/\/esim.lemmetravel.com\/fr\/LEMMETravel-eSIM\/Buy-eSIM\/burj-mobile-50-gb-30-days\/#organizationLogo"},"sameAs":["https:\/\/x.com\/lemetravel","https:\/\/instagram.com\/lemmetravelcom","https:\/\/www.tiktok.com\/@lemmetravel","https:\/\/www.linkedin.com\/company\/lemmetravel-com"],"address":{"@id":"https:\/\/esim.lemmetravel.com\/fr\/#postaladdress","@type":"PostalAddress","streetAddress":"Dubai Silicon Oasis, Dubai, United Arab Emirates","postalCode":"19985","addressLocality":"Dubai","addressRegion":"\u062f\u0628\u064a - Dubai","addressCountry":"AE"}},{"@type":"Product","@id":"https:\/\/esim.lemmetravel.com\/fr\/LEMMETravel-eSIM\/Buy-eSIM\/burj-mobile-50-gb-30-days\/#wooCommerceProduct","name":"Burj Mobile 50 GB - 30 days","url":"https:\/\/esim.lemmetravel.com\/fr\/LEMMETravel-eSIM\/Buy-eSIM\/burj-mobile-50-gb-30-days\/","sku":"xiloxf-jpf-burj-mobile-30days-50gb","image":{"@type":"ImageObject","url":"https:\/\/esim.lemmetravel.com\/wp-content\/uploads\/2025\/11\/UAE-eSIM.jpg","@id":"https:\/\/esim.lemmetravel.com\/fr\/LEMMETravel-eSIM\/Buy-eSIM\/burj-mobile-50-gb-30-days\/#productImage","width":1920,"height":1080},"offers":{"@type":"Offer","url":"https:\/\/esim.lemmetravel.com\/fr\/LEMMETravel-eSIM\/Buy-eSIM\/burj-mobile-50-gb-30-days\/#wooCommerceOffer","price":78,"priceCurrency":"USD","category":"Abu Dhabi eSIM","availability":"https:\/\/schema.org\/InStock","priceSpecification":{"@type":"PriceSpecification","price":78,"priceCurrency":"USD","valueAddedTaxIncluded":"true"},"seller":{"@type":"Organization","@id":"https:\/\/esim.lemmetravel.com\/fr\/#organization"}}},{"@type":"WebPage","@id":"https:\/\/esim.lemmetravel.com\/fr\/LEMMETravel-eSIM\/Buy-eSIM\/burj-mobile-50-gb-30-days\/#webpage","url":"https:\/\/esim.lemmetravel.com\/fr\/LEMMETravel-eSIM\/Buy-eSIM\/burj-mobile-50-gb-30-days\/","name":"Burj Mobile 50 GB \u2013 30 days | LEMMETravel.com\u00ae","description":"5G data-only eSIM. Rechargeable online with no expiry. Operates on the Etisalat network in the United Arab Emirates. This eSIM is for travelers to the United Arab Emirates.","inLanguage":"fr-FR","isPartOf":{"@id":"https:\/\/esim.lemmetravel.com\/fr\/#website"},"breadcrumb":{"@id":"https:\/\/esim.lemmetravel.com\/fr\/LEMMETravel-eSIM\/Buy-eSIM\/burj-mobile-50-gb-30-days\/#breadcrumblist"},"image":{"@type":"ImageObject","url":"https:\/\/esim.lemmetravel.com\/wp-content\/uploads\/2025\/11\/UAE-eSIM.jpg","@id":"https:\/\/esim.lemmetravel.com\/fr\/LEMMETravel-eSIM\/Buy-eSIM\/burj-mobile-50-gb-30-days\/#mainImage","width":1920,"height":1080},"primaryImageOfPage":{"@id":"https:\/\/esim.lemmetravel.com\/fr\/LEMMETravel-eSIM\/Buy-eSIM\/burj-mobile-50-gb-30-days\/#mainImage"},"datePublished":"2025-10-06T17:11:14+00:00","dateModified":"2026-04-10T23:11:51+00:00"},{"@type":"WebSite","@id":"https:\/\/esim.lemmetravel.com\/fr\/#website","url":"https:\/\/esim.lemmetravel.com\/fr\/","name":"LEMMETravel.com\u00ae","description":"LEMMETravel.com eSIM for Travel","inLanguage":"fr-FR","publisher":{"@id":"https:\/\/esim.lemmetravel.com\/fr\/#organization"}}]},"og:locale":"fr_FR","og:site_name":"LEMMETravel.com\u00ae | LEMMETravel.com eSIM for Travel","og:type":"article","og:title":"Burj Mobile 50 GB \u2013 30 days | LEMMETravel.com\u00ae","og:description":"5G data-only eSIM. Rechargeable online with no expiry. Operates on the Etisalat network in the United Arab Emirates. This eSIM is for travelers to the United Arab Emirates.","og:url":"https:\/\/esim.lemmetravel.com\/fr\/LEMMETravel-eSIM\/Buy-eSIM\/burj-mobile-50-gb-30-days\/","og:image":"https:\/\/esim.lemmetravel.com\/wp-content\/uploads\/2026\/03\/Gemini_Generated_Image_8tklrz8tklrz8tkl-1.png","og:image:secure_url":"https:\/\/esim.lemmetravel.com\/wp-content\/uploads\/2026\/03\/Gemini_Generated_Image_8tklrz8tklrz8tkl-1.png","og:image:width":1024,"og:image:height":1024,"article:published_time":"2025-10-06T17:11:14+00:00","article:modified_time":"2026-04-10T23:11:51+00:00","article:publisher":"https:\/\/web.facebook.com\/LEMETravelcom\/","twitter:card":"summary_large_image","twitter:site":"@lemetravel","twitter:title":"Burj Mobile 50 GB \u2013 30 days | LEMMETravel.com\u00ae","twitter:description":"5G data-only eSIM. Rechargeable online with no expiry. Operates on the Etisalat network in the United Arab Emirates. This eSIM is for travelers to the United Arab Emirates.","twitter:image":"https:\/\/esim.lemmetravel.com\/wp-content\/uploads\/2026\/03\/Gemini_Generated_Image_t89fkgt89fkgt89f.png"},"aioseo_meta_data":{"post_id":"12591","title":null,"description":null,"keywords":null,"keyphrases":null,"primary_term":null,"canonical_url":null,"og_title":null,"og_description":null,"og_object_type":"default","og_image_type":"default","og_image_url":null,"og_image_width":null,"og_image_height":null,"og_image_custom_url":null,"og_image_custom_fields":null,"og_video":null,"og_custom_url":null,"og_article_section":null,"og_article_tags":null,"twitter_use_og":false,"twitter_card":"default","twitter_image_type":"default","twitter_image_url":null,"twitter_image_custom_url":null,"twitter_image_custom_fields":null,"twitter_title":null,"twitter_description":null,"schema":{"blockGraphs":[],"customGraphs":[],"default":{"data":{"Article":[],"Course":[],"Dataset":[],"FAQPage":[],"Movie":[],"Person":[],"Product":[],"ProductReview":[],"Car":[],"Recipe":[],"Service":[],"SoftwareApplication":[],"WebPage":[]},"graphName":"","isEnabled":true},"graphs":[]},"schema_type":"default","schema_type_options":null,"pillar_content":false,"robots_default":true,"robots_noindex":false,"robots_noarchive":false,"robots_nosnippet":false,"robots_nofollow":false,"robots_noimageindex":false,"robots_noodp":false,"robots_notranslate":false,"robots_max_snippet":null,"robots_max_videopreview":null,"robots_max_imagepreview":"large","priority":null,"frequency":null,"local_seo":null,"seo_analyzer_scan_date":"2026-03-24 11:00:37","breadcrumb_settings":null,"limit_modified_date":false,"reviewed_by":null,"open_ai":null,"ai":null,"created":"2026-03-22 23:07:33","updated":"2026-04-10 22:53:55"},"aioseo_breadcrumb":"<div class=\"aioseo-breadcrumbs\"><span class=\"aioseo-breadcrumb\">\n\t<a href=\"https:\/\/esim.lemmetravel.com\/fr\" title=\"Home\">Home<\/a>\n<\/span><span class=\"aioseo-breadcrumb-separator\">|<\/span><span class=\"aioseo-breadcrumb\">\n\t<a href=\"https:\/\/esim.lemmetravel.com\/fr\/esim-shopping\/\" title=\"Travel eSIM \u2013 Unlimited Internet with One Click\">Travel eSIM \u2013 Unlimited Internet with One Click<\/a>\n<\/span><span class=\"aioseo-breadcrumb-separator\">|<\/span><span class=\"aioseo-breadcrumb\">\n\t<a href=\"https:\/\/esim.lemmetravel.com\/fr\/eSIM-Country\/country\/united-arab-emirates-esim\/\" title=\"United Arab Emirates ( UAE ) eSIM\">United Arab Emirates ( UAE ) eSIM<\/a>\n<\/span><span class=\"aioseo-breadcrumb-separator\">|<\/span><span class=\"aioseo-breadcrumb\">\n\t<a href=\"https:\/\/esim.lemmetravel.com\/fr\/eSIM-Country\/country\/united-arab-emirates-esim\/dubai-esim\/\" title=\"Dubai eSIM\">Dubai eSIM<\/a>\n<\/span><span class=\"aioseo-breadcrumb-separator\">|<\/span><span class=\"aioseo-breadcrumb\">\n\tBurj Mobile 50 GB \u2013 30 days\n<\/span><\/div>","aioseo_breadcrumb_json":[{"label":"Home","link":"https:\/\/esim.lemmetravel.com\/fr"},{"label":"Travel eSIM \u2013 Unlimited Internet with One Click","link":"https:\/\/esim.lemmetravel.com\/fr\/esim-shopping\/"},{"label":"United Arab Emirates ( UAE ) eSIM","link":"https:\/\/esim.lemmetravel.com\/fr\/eSIM-Country\/country\/united-arab-emirates-esim\/"},{"label":"Dubai eSIM","link":"https:\/\/esim.lemmetravel.com\/fr\/eSIM-Country\/country\/united-arab-emirates-esim\/dubai-esim\/"},{"label":"Burj Mobile 50 GB &#8211; 30 days","link":"https:\/\/esim.lemmetravel.com\/fr\/LEMMETravel-eSIM\/Buy-eSIM\/burj-mobile-50-gb-30-days\/"}],"_links":{"self":[{"href":"https:\/\/esim.lemmetravel.com\/fr\/wp-json\/wp\/v2\/product\/12591","targetHints":{"allow":["GET"]}}],"collection":[{"href":"https:\/\/esim.lemmetravel.com\/fr\/wp-json\/wp\/v2\/product"}],"about":[{"href":"https:\/\/esim.lemmetravel.com\/fr\/wp-json\/wp\/v2\/types\/product"}],"replies":[{"embeddable":true,"href":"https:\/\/esim.lemmetravel.com\/fr\/wp-json\/wp\/v2\/comments?post=12591"}],"version-history":[{"count":4,"href":"https:\/\/esim.lemmetravel.com\/fr\/wp-json\/wp\/v2\/product\/12591\/revisions"}],"predecessor-version":[{"id":16577,"href":"https:\/\/esim.lemmetravel.com\/fr\/wp-json\/wp\/v2\/product\/12591\/revisions\/16577"}],"wp:featuredmedia":[{"embeddable":true,"href":"https:\/\/esim.lemmetravel.com\/fr\/wp-json\/wp\/v2\/media\/13776"}],"wp:attachment":[{"href":"https:\/\/esim.lemmetravel.com\/fr\/wp-json\/wp\/v2\/media?parent=12591"}],"wp:term":[{"taxonomy":"product_brand","embeddable":true,"href":"https:\/\/esim.lemmetravel.com\/fr\/wp-json\/wp\/v2\/product_brand?post=12591"},{"taxonomy":"product_cat","embeddable":true,"href":"https:\/\/esim.lemmetravel.com\/fr\/wp-json\/wp\/v2\/product_cat?post=12591"},{"taxonomy":"product_tag","embeddable":true,"href":"https:\/\/esim.lemmetravel.com\/fr\/wp-json\/wp\/v2\/product_tag?post=12591"}],"curies":[{"name":"wp","href":"https:\/\/api.w.org\/{rel}","templated":true}]}}