{"id":19746,"date":"2026-03-31T16:13:51","date_gmt":"2026-03-31T16:13:51","guid":{"rendered":"https:\/\/esim.lemmetravel.com\/?page_id=19746"},"modified":"2026-03-31T17:59:50","modified_gmt":"2026-03-31T17:59:50","slug":"global-esim-plans","status":"publish","type":"page","link":"https:\/\/esim.lemmetravel.com\/fr\/global-esim-plans\/","title":{"rendered":"Global eSIM Plans"},"content":{"rendered":"<div data-elementor-type=\"wp-page\" data-elementor-id=\"19746\" class=\"elementor elementor-19746\" data-elementor-settings=\"{&quot;ha_cmc_init_switcher&quot;:&quot;no&quot;}\" data-elementor-post-type=\"page\">\n\t\t\t\t<div class=\"elementor-element elementor-element-30671d041 e-flex e-con-boxed wpr-particle-no wpr-jarallax-no wpr-parallax-no wpr-sticky-section-no wpr-equal-height-no e-con e-parent\" data-id=\"30671d041\" data-element_type=\"container\" data-e-type=\"container\" data-settings=\"{&quot;background_background&quot;:&quot;classic&quot;,&quot;_ha_eqh_enable&quot;:false}\">\n\t\t\t\t\t<div class=\"e-con-inner\">\n\t\t\t\t<div class=\"elementor-element elementor-element-2d3ccc08 elementor-widget elementor-widget-heading\" data-id=\"2d3ccc08\" data-element_type=\"widget\" data-e-type=\"widget\" data-widget_type=\"heading.default\">\n\t\t\t\t\t<h3 class=\"elementor-heading-title elementor-size-default\">Global eSIM Plans <br>Fast Internet in 100+ Countries <\/h3>\t\t\t\t<\/div>\n\t\t\t\t\t<\/div>\n\t\t\t\t<\/div>\n\t\t<div class=\"elementor-element elementor-element-9f7d0ce e-flex e-con-boxed wpr-particle-no wpr-jarallax-no wpr-parallax-no wpr-sticky-section-no wpr-equal-height-no e-con e-parent\" data-id=\"9f7d0ce\" data-element_type=\"container\" data-e-type=\"container\" data-settings=\"{&quot;_ha_eqh_enable&quot;:false}\">\n\t\t\t\t\t<div class=\"e-con-inner\">\n\t\t\t\t<div class=\"elementor-element elementor-element-cb1f064 elementor-widget elementor-widget-spacer\" data-id=\"cb1f064\" data-element_type=\"widget\" data-e-type=\"widget\" data-widget_type=\"spacer.default\">\n\t\t\t\t\t\t\t<div class=\"elementor-spacer\">\n\t\t\t<div class=\"elementor-spacer-inner\"><\/div>\n\t\t<\/div>\n\t\t\t\t\t\t<\/div>\n\t\t\t\t<div class=\"elementor-element elementor-element-277aaeb elementor-widget elementor-widget-heading\" data-id=\"277aaeb\" data-element_type=\"widget\" data-e-type=\"widget\" data-widget_type=\"heading.default\">\n\t\t\t\t\t<h2 class=\"elementor-heading-title elementor-size-default\">Restez connect\u00e9, o\u00f9 que vous voyagiez, \u00e0 des tarifs abordables<\/h2>\t\t\t\t<\/div>\n\t\t\t\t<div class=\"elementor-element elementor-element-81adbf2 elementor-widget elementor-widget-heading\" data-id=\"81adbf2\" data-element_type=\"widget\" data-e-type=\"widget\" data-widget_type=\"heading.default\">\n\t\t\t\t\t<h3 class=\"elementor-heading-title elementor-size-default\">Trouvez des eSIM de voyage pour iPhone, iPad et appareils Android dans plus de 200 destinations. Achetez des donn\u00e9es mobiles pour des pays, des r\u00e9gions ou des connexions internationales.\n<\/h3>\t\t\t\t<\/div>\n\t\t\t\t\t<\/div>\n\t\t\t\t<\/div>\n\t\t<div class=\"elementor-element elementor-element-b7bda7d e-flex e-con-boxed wpr-particle-no wpr-jarallax-no wpr-parallax-no wpr-sticky-section-no wpr-equal-height-no e-con e-parent\" data-id=\"b7bda7d\" data-element_type=\"container\" data-e-type=\"container\" id=\"global\" data-settings=\"{&quot;_ha_eqh_enable&quot;:false}\">\n\t\t\t\t\t<div class=\"e-con-inner\">\n\t\t\t\t<div class=\"elementor-element elementor-element-c849845 elementor-grid-6 elementor-grid-tablet-3 elementor-grid-mobile-2 elementor-products-grid elementor-wc-products elementor-widget elementor-widget-wc-categories\" data-id=\"c849845\" data-element_type=\"widget\" data-e-type=\"widget\" data-widget_type=\"wc-categories.default\">\n\t\t\t\t\t<div class=\"woocommerce columns-6\"><ul class=\"products elementor-grid columns-6\">\n<li class=\"product-category product first\">\n\t<a aria-label=\"Visitez la cat\u00e9gorie de produits North America eSIM\" href=\"https:\/\/esim.lemmetravel.com\/fr\/eSIM-Country\/country\/amerique-du-nord-esim\/\" data-no-translation-aria-label=\"\"><img fetchpriority=\"high\" decoding=\"async\" src=\"https:\/\/esim.lemmetravel.com\/wp-content\/uploads\/2025\/08\/138-Countries-4.jpg\" alt=\"eSIM Am\u00e9rique du Nord\" width=\"1000000000\" height=\"1000000000\" srcset=\"https:\/\/esim.lemmetravel.com\/wp-content\/uploads\/2025\/08\/138-Countries-4.jpg 250w, https:\/\/esim.lemmetravel.com\/wp-content\/uploads\/2025\/08\/138-Countries-4-100x100.jpg 100w, https:\/\/esim.lemmetravel.com\/wp-content\/uploads\/2025\/08\/138-Countries-4-64x64.jpg 64w, https:\/\/esim.lemmetravel.com\/wp-content\/uploads\/2025\/08\/138-Countries-4-150x150.jpg 150w, https:\/\/esim.lemmetravel.com\/wp-content\/uploads\/2025\/08\/138-Countries-4-12x12.jpg 12w\" sizes=\"(max-width: 250px) 100vw, 250px\" \/>\t\t<h2 class=\"woocommerce-loop-category__title\">\n\t\t\teSIM Am\u00e9rique du Nord <mark class=\"count\">(5)<\/mark>\t\t<\/h2>\n\t\t<\/a><\/li>\n<li class=\"product-category product\">\n\t<a aria-label=\"Visitez la cat\u00e9gorie de produits Middle East and North Africa eSIMs\" href=\"https:\/\/esim.lemmetravel.com\/fr\/eSIM-Country\/country\/moyen-orient-et-afrique-du-nord-esim\/\" data-no-translation-aria-label=\"\"><img decoding=\"async\" src=\"https:\/\/esim.lemmetravel.com\/wp-content\/uploads\/2025\/08\/138-Countries-3.jpg\" alt=\"eSIM du Moyen-Orient et d&#039;Afrique du Nord\" width=\"1000000000\" height=\"1000000000\" srcset=\"https:\/\/esim.lemmetravel.com\/wp-content\/uploads\/2025\/08\/138-Countries-3.jpg 250w, https:\/\/esim.lemmetravel.com\/wp-content\/uploads\/2025\/08\/138-Countries-3-100x100.jpg 100w, https:\/\/esim.lemmetravel.com\/wp-content\/uploads\/2025\/08\/138-Countries-3-64x64.jpg 64w, https:\/\/esim.lemmetravel.com\/wp-content\/uploads\/2025\/08\/138-Countries-3-150x150.jpg 150w, https:\/\/esim.lemmetravel.com\/wp-content\/uploads\/2025\/08\/138-Countries-3-12x12.jpg 12w\" sizes=\"(max-width: 250px) 100vw, 250px\" \/>\t\t<h2 class=\"woocommerce-loop-category__title\">\n\t\t\teSIM du Moyen-Orient et d&#039;Afrique du Nord <mark class=\"count\">(5)<\/mark>\t\t<\/h2>\n\t\t<\/a><\/li>\n<li class=\"product-category product\">\n\t<a aria-label=\"Visitez la cat\u00e9gorie de produits Europe eSIM\" href=\"https:\/\/esim.lemmetravel.com\/fr\/eSIM-Country\/country\/europe-esim\/\" data-no-translation-aria-label=\"\"><img decoding=\"async\" src=\"https:\/\/esim.lemmetravel.com\/wp-content\/uploads\/2025\/08\/flag-square-250-10-1.png\" alt=\"eSIM europ\u00e9enne\" width=\"1000000000\" height=\"1000000000\" srcset=\"https:\/\/esim.lemmetravel.com\/wp-content\/uploads\/2025\/08\/flag-square-250-10-1.png 250w, https:\/\/esim.lemmetravel.com\/wp-content\/uploads\/2025\/08\/flag-square-250-10-1-100x100.png 100w, https:\/\/esim.lemmetravel.com\/wp-content\/uploads\/2025\/08\/flag-square-250-10-1-64x64.png 64w, https:\/\/esim.lemmetravel.com\/wp-content\/uploads\/2025\/08\/flag-square-250-10-1-150x150.png 150w, https:\/\/esim.lemmetravel.com\/wp-content\/uploads\/2025\/08\/flag-square-250-10-1-12x12.png 12w\" sizes=\"(max-width: 250px) 100vw, 250px\" \/>\t\t<h2 class=\"woocommerce-loop-category__title\">\n\t\t\teSIM europ\u00e9enne <mark class=\"count\">(16)<\/mark>\t\t<\/h2>\n\t\t<\/a><\/li>\n<li class=\"product-category product\">\n\t<a aria-label=\"Visitez la cat\u00e9gorie de produits Asia eSIM\" href=\"https:\/\/esim.lemmetravel.com\/fr\/eSIM-Country\/country\/asia-esim\/\" data-no-translation-aria-label=\"\"><img loading=\"lazy\" decoding=\"async\" src=\"https:\/\/esim.lemmetravel.com\/wp-content\/uploads\/2025\/08\/Untitled-design-38-1.png\" alt=\"eSIM Asie\" width=\"1000000000\" height=\"1000000000\" srcset=\"https:\/\/esim.lemmetravel.com\/wp-content\/uploads\/2025\/08\/Untitled-design-38-1.png 250w, https:\/\/esim.lemmetravel.com\/wp-content\/uploads\/2025\/08\/Untitled-design-38-1-100x100.png 100w, https:\/\/esim.lemmetravel.com\/wp-content\/uploads\/2025\/08\/Untitled-design-38-1-64x64.png 64w, https:\/\/esim.lemmetravel.com\/wp-content\/uploads\/2025\/08\/Untitled-design-38-1-150x150.png 150w, https:\/\/esim.lemmetravel.com\/wp-content\/uploads\/2025\/08\/Untitled-design-38-1-12x12.png 12w\" sizes=\"(max-width: 250px) 100vw, 250px\" \/>\t\t<h2 class=\"woocommerce-loop-category__title\">\n\t\t\teSIM Asie <mark class=\"count\">(15)<\/mark>\t\t<\/h2>\n\t\t<\/a><\/li>\n<li class=\"product-category product\">\n\t<a aria-label=\"Visitez la cat\u00e9gorie de produits Africa Countries eSIM\" href=\"https:\/\/esim.lemmetravel.com\/fr\/eSIM-Country\/country\/africa-esim\/\" data-no-translation-aria-label=\"\"><img loading=\"lazy\" decoding=\"async\" src=\"https:\/\/esim.lemmetravel.com\/wp-content\/uploads\/2025\/08\/138-Countries-2.jpg\" alt=\"eSIM pour les pays africains\" width=\"1000000000\" height=\"1000000000\" srcset=\"https:\/\/esim.lemmetravel.com\/wp-content\/uploads\/2025\/08\/138-Countries-2.jpg 250w, https:\/\/esim.lemmetravel.com\/wp-content\/uploads\/2025\/08\/138-Countries-2-100x100.jpg 100w, https:\/\/esim.lemmetravel.com\/wp-content\/uploads\/2025\/08\/138-Countries-2-64x64.jpg 64w, https:\/\/esim.lemmetravel.com\/wp-content\/uploads\/2025\/08\/138-Countries-2-150x150.jpg 150w, https:\/\/esim.lemmetravel.com\/wp-content\/uploads\/2025\/08\/138-Countries-2-12x12.jpg 12w\" sizes=\"(max-width: 250px) 100vw, 250px\" \/>\t\t<h2 class=\"woocommerce-loop-category__title\">\n\t\t\teSIM pour les pays africains <mark class=\"count\">(3)<\/mark>\t\t<\/h2>\n\t\t<\/a><\/li>\n<\/ul>\n<\/div>\t\t\t\t<\/div>\n\t\t\t\t\t<\/div>\n\t\t\t\t<\/div>\n\t\t\t\t<\/div>","protected":false},"excerpt":{"rendered":"<p>Global eSIM Plans Fast Internet in 100+ Countries Stay connected, wherever you travel, at affordable rates Find travel eSIMs for iPhone, iPad, and Android devices in over 200 destinations. Purchase data for countries, regions, or global connection.<\/p>","protected":false},"author":1,"featured_media":0,"parent":0,"menu_order":0,"comment_status":"closed","ping_status":"closed","template":"","meta":{"_uf_show_specific_survey":0,"_uf_disable_surveys":false,"footnotes":""},"class_list":["post-19746","page","type-page","status-publish","hentry"],"aioseo_notices":[],"aioseo_head":"\n\t\t<!-- All in One SEO Pro 4.9.6.2 - aioseo.com -->\n\t<meta name=\"description\" content=\"Global eSIM Plans Fast Internet in 100+ Countries Stay connected, wherever you travel, at affordable rates Find travel eSIMs for iPhone, iPad, and Android devices in over 200 destinations. Purchase data for countries, regions, or global connection. North America eSIM (5) Middle East and North Africa eSIMs (5) Europe eSIM (16) Asia eSIM (15) Africa\" \/>\n\t<meta name=\"robots\" content=\"max-image-preview:large\" \/>\n\t<meta name=\"msvalidate.01\" content=\"EF211A3C5305FFBB3BEFE3334716E9B8\" \/>\n\t<meta name=\"yandex-verification\" content=\"bcae45baa1a4f9ed\" \/>\n\t<link rel=\"canonical\" href=\"https:\/\/esim.lemmetravel.com\/fr\/global-esim-plans\/\" \/>\n\t<meta name=\"generator\" content=\"All in One SEO Pro (AIOSEO) 4.9.6.2\" \/>\n\t\t<meta property=\"og:locale\" content=\"fr_FR\" \/>\n\t\t<meta property=\"og:site_name\" content=\"LEMMETravel.com\u00ae | LEMMETravel.com eSIM for Travel\" \/>\n\t\t<meta property=\"og:type\" content=\"website\" \/>\n\t\t<meta property=\"og:title\" content=\"Global eSIM Plans | LEMMETravel.com\u00ae\" \/>\n\t\t<meta property=\"og:description\" content=\"Global eSIM Plans Fast Internet in 100+ Countries Stay connected, wherever you travel, at affordable rates Find travel eSIMs for iPhone, iPad, and Android devices in over 200 destinations. Purchase data for countries, regions, or global connection. North America eSIM (5) Middle East and North Africa eSIMs (5) Europe eSIM (16) Asia eSIM (15) Africa\" \/>\n\t\t<meta property=\"og:url\" content=\"https:\/\/esim.lemmetravel.com\/fr\/global-esim-plans\/\" \/>\n\t\t<meta property=\"og:image\" content=\"https:\/\/esim.lemmetravel.com\/wp-content\/uploads\/2026\/03\/Gemini_Generated_Image_8tklrz8tklrz8tkl-1.png\" \/>\n\t\t<meta property=\"og:image:secure_url\" content=\"https:\/\/esim.lemmetravel.com\/wp-content\/uploads\/2026\/03\/Gemini_Generated_Image_8tklrz8tklrz8tkl-1.png\" \/>\n\t\t<meta property=\"og:image:width\" content=\"1024\" \/>\n\t\t<meta property=\"og:image:height\" content=\"1024\" \/>\n\t\t<meta name=\"twitter:card\" content=\"summary_large_image\" \/>\n\t\t<meta name=\"twitter:site\" content=\"@lemetravel\" \/>\n\t\t<meta name=\"twitter:title\" content=\"Global eSIM Plans | LEMMETravel.com\u00ae\" \/>\n\t\t<meta name=\"twitter:description\" content=\"Global eSIM Plans Fast Internet in 100+ Countries Stay connected, wherever you travel, at affordable rates Find travel eSIMs for iPhone, iPad, and Android devices in over 200 destinations. Purchase data for countries, regions, or global connection. North America eSIM (5) Middle East and North Africa eSIMs (5) Europe eSIM (16) Asia eSIM (15) Africa\" \/>\n\t\t<meta name=\"twitter:creator\" content=\"@lemetravel\" \/>\n\t\t<meta name=\"twitter:image\" content=\"https:\/\/esim.lemmetravel.com\/wp-content\/uploads\/2026\/03\/Gemini_Generated_Image_8tklrz8tklrz8tkl-1.png\" \/>\n\t\t<meta name=\"twitter:label1\" content=\"Written by\" \/>\n\t\t<meta name=\"twitter:data1\" content=\"LEMMETravelAdmin\" \/>\n\t\t<script type=\"application\/ld+json\" class=\"aioseo-schema\">\n\t\t\t{\"@context\":\"https:\\\/\\\/schema.org\",\"@graph\":[{\"@type\":\"BreadcrumbList\",\"@id\":\"https:\\\/\\\/esim.lemmetravel.com\\\/fr\\\/global-esim-plans\\\/#breadcrumblist\",\"itemListElement\":[{\"@type\":\"ListItem\",\"@id\":\"https:\\\/\\\/esim.lemmetravel.com\\\/fr#listItem\",\"position\":1,\"name\":\"Home\",\"item\":\"https:\\\/\\\/esim.lemmetravel.com\\\/fr\",\"nextItem\":{\"@type\":\"ListItem\",\"@id\":\"https:\\\/\\\/esim.lemmetravel.com\\\/fr\\\/global-esim-plans\\\/#listItem\",\"name\":\"Global eSIM Plans\"}},{\"@type\":\"ListItem\",\"@id\":\"https:\\\/\\\/esim.lemmetravel.com\\\/fr\\\/global-esim-plans\\\/#listItem\",\"position\":2,\"name\":\"Global eSIM Plans\",\"previousItem\":{\"@type\":\"ListItem\",\"@id\":\"https:\\\/\\\/esim.lemmetravel.com\\\/fr#listItem\",\"name\":\"Home\"}}]},{\"@type\":\"Organization\",\"@id\":\"https:\\\/\\\/esim.lemmetravel.com\\\/fr\\\/#organization\",\"name\":\"LEMMETravel.com\\u00ae\",\"description\":\"LEMMETravel.com eSIM for Travel\",\"url\":\"https:\\\/\\\/esim.lemmetravel.com\\\/fr\\\/\",\"email\":\"support@lemmetravel.com\",\"telephone\":\"+971525234064\",\"logo\":{\"@type\":\"ImageObject\",\"url\":\"https:\\\/\\\/esim.lemmetravel.com\\\/wp-content\\\/uploads\\\/2026\\\/03\\\/LEMMETravel-SocialMedia-Logo.jpg\",\"@id\":\"https:\\\/\\\/esim.lemmetravel.com\\\/fr\\\/global-esim-plans\\\/#organizationLogo\",\"width\":112,\"height\":112},\"image\":{\"@id\":\"https:\\\/\\\/esim.lemmetravel.com\\\/fr\\\/global-esim-plans\\\/#organizationLogo\"},\"sameAs\":[\"https:\\\/\\\/x.com\\\/lemetravel\",\"https:\\\/\\\/instagram.com\\\/lemmetravelcom\",\"https:\\\/\\\/www.tiktok.com\\\/@lemmetravel\",\"https:\\\/\\\/www.linkedin.com\\\/company\\\/lemmetravel-com\"],\"address\":{\"@id\":\"https:\\\/\\\/esim.lemmetravel.com\\\/fr\\\/#postaladdress\",\"@type\":\"PostalAddress\",\"streetAddress\":\"Dubai Silicon Oasis, Dubai, United Arab Emirates\",\"postalCode\":\"19985\",\"addressLocality\":\"Dubai\",\"addressRegion\":\"\\u062f\\u0628\\u064a - Dubai\",\"addressCountry\":\"AE\"}},{\"@type\":\"WebPage\",\"@id\":\"https:\\\/\\\/esim.lemmetravel.com\\\/fr\\\/global-esim-plans\\\/#webpage\",\"url\":\"https:\\\/\\\/esim.lemmetravel.com\\\/fr\\\/global-esim-plans\\\/\",\"name\":\"Global eSIM Plans | LEMMETravel.com\\u00ae\",\"description\":\"Global eSIM Plans Fast Internet in 100+ Countries Stay connected, wherever you travel, at affordable rates Find travel eSIMs for iPhone, iPad, and Android devices in over 200 destinations. Purchase data for countries, regions, or global connection. North America eSIM (5) Middle East and North Africa eSIMs (5) Europe eSIM (16) Asia eSIM (15) Africa\",\"inLanguage\":\"fr-FR\",\"isPartOf\":{\"@id\":\"https:\\\/\\\/esim.lemmetravel.com\\\/fr\\\/#website\"},\"breadcrumb\":{\"@id\":\"https:\\\/\\\/esim.lemmetravel.com\\\/fr\\\/global-esim-plans\\\/#breadcrumblist\"},\"datePublished\":\"2026-03-31T16:13:51+00:00\",\"dateModified\":\"2026-03-31T17:59:50+00:00\"},{\"@type\":\"WebSite\",\"@id\":\"https:\\\/\\\/esim.lemmetravel.com\\\/fr\\\/#website\",\"url\":\"https:\\\/\\\/esim.lemmetravel.com\\\/fr\\\/\",\"name\":\"LEMMETravel.com\\u00ae\",\"description\":\"LEMMETravel.com eSIM for Travel\",\"inLanguage\":\"fr-FR\",\"publisher\":{\"@id\":\"https:\\\/\\\/esim.lemmetravel.com\\\/fr\\\/#organization\"}}]}\n\t\t<\/script>\n\t\t<script type=\"text\/javascript\">\n\t\t\t(function(c,l,a,r,i,t,y){\n\t\t\tc[a]=c[a]||function(){(c[a].q=c[a].q||[]).push(arguments)};t=l.createElement(r);t.async=1;\n\t\t\tt.src=\"https:\/\/www.clarity.ms\/tag\/\"+i+\"?ref=aioseo\";y=l.getElementsByTagName(r)[0];y.parentNode.insertBefore(t,y);\n\t\t})(window, document, \"clarity\", \"script\", \"w1iy2rgvbn\");\n\t\t<\/script>\n\t\t<!-- All in One SEO Pro -->\r\n\t\t<title>Global eSIM Plans | LEMMETravel.com\u00ae<\/title>\n\n","aioseo_head_json":{"title":"Global eSIM Plans | LEMMETravel.com\u00ae","description":"Global eSIM Plans Fast Internet in 100+ Countries Stay connected, wherever you travel, at affordable rates Find travel eSIMs for iPhone, iPad, and Android devices in over 200 destinations. Purchase data for countries, regions, or global connection. North America eSIM (5) Middle East and North Africa eSIMs (5) Europe eSIM (16) Asia eSIM (15) Africa","canonical_url":"https:\/\/esim.lemmetravel.com\/fr\/global-esim-plans\/","robots":"max-image-preview:large","keywords":"","webmasterTools":{"msvalidate.01":"EF211A3C5305FFBB3BEFE3334716E9B8","yandex-verification":"bcae45baa1a4f9ed","miscellaneous":""},"schema":{"@context":"https:\/\/schema.org","@graph":[{"@type":"BreadcrumbList","@id":"https:\/\/esim.lemmetravel.com\/fr\/global-esim-plans\/#breadcrumblist","itemListElement":[{"@type":"ListItem","@id":"https:\/\/esim.lemmetravel.com\/fr#listItem","position":1,"name":"Home","item":"https:\/\/esim.lemmetravel.com\/fr","nextItem":{"@type":"ListItem","@id":"https:\/\/esim.lemmetravel.com\/fr\/global-esim-plans\/#listItem","name":"Global eSIM Plans"}},{"@type":"ListItem","@id":"https:\/\/esim.lemmetravel.com\/fr\/global-esim-plans\/#listItem","position":2,"name":"Global eSIM Plans","previousItem":{"@type":"ListItem","@id":"https:\/\/esim.lemmetravel.com\/fr#listItem","name":"Home"}}]},{"@type":"Organization","@id":"https:\/\/esim.lemmetravel.com\/fr\/#organization","name":"LEMMETravel.com\u00ae","description":"LEMMETravel.com eSIM for Travel","url":"https:\/\/esim.lemmetravel.com\/fr\/","email":"support@lemmetravel.com","telephone":"+971525234064","logo":{"@type":"ImageObject","url":"https:\/\/esim.lemmetravel.com\/wp-content\/uploads\/2026\/03\/LEMMETravel-SocialMedia-Logo.jpg","@id":"https:\/\/esim.lemmetravel.com\/fr\/global-esim-plans\/#organizationLogo","width":112,"height":112},"image":{"@id":"https:\/\/esim.lemmetravel.com\/fr\/global-esim-plans\/#organizationLogo"},"sameAs":["https:\/\/x.com\/lemetravel","https:\/\/instagram.com\/lemmetravelcom","https:\/\/www.tiktok.com\/@lemmetravel","https:\/\/www.linkedin.com\/company\/lemmetravel-com"],"address":{"@id":"https:\/\/esim.lemmetravel.com\/fr\/#postaladdress","@type":"PostalAddress","streetAddress":"Dubai Silicon Oasis, Dubai, United Arab Emirates","postalCode":"19985","addressLocality":"Dubai","addressRegion":"\u062f\u0628\u064a - Dubai","addressCountry":"AE"}},{"@type":"WebPage","@id":"https:\/\/esim.lemmetravel.com\/fr\/global-esim-plans\/#webpage","url":"https:\/\/esim.lemmetravel.com\/fr\/global-esim-plans\/","name":"Global eSIM Plans | LEMMETravel.com\u00ae","description":"Global eSIM Plans Fast Internet in 100+ Countries Stay connected, wherever you travel, at affordable rates Find travel eSIMs for iPhone, iPad, and Android devices in over 200 destinations. Purchase data for countries, regions, or global connection. North America eSIM (5) Middle East and North Africa eSIMs (5) Europe eSIM (16) Asia eSIM (15) Africa","inLanguage":"fr-FR","isPartOf":{"@id":"https:\/\/esim.lemmetravel.com\/fr\/#website"},"breadcrumb":{"@id":"https:\/\/esim.lemmetravel.com\/fr\/global-esim-plans\/#breadcrumblist"},"datePublished":"2026-03-31T16:13:51+00:00","dateModified":"2026-03-31T17:59:50+00:00"},{"@type":"WebSite","@id":"https:\/\/esim.lemmetravel.com\/fr\/#website","url":"https:\/\/esim.lemmetravel.com\/fr\/","name":"LEMMETravel.com\u00ae","description":"LEMMETravel.com eSIM for Travel","inLanguage":"fr-FR","publisher":{"@id":"https:\/\/esim.lemmetravel.com\/fr\/#organization"}}]},"og:locale":"fr_FR","og:site_name":"LEMMETravel.com\u00ae | LEMMETravel.com eSIM for Travel","og:type":"website","og:title":"Global eSIM Plans | LEMMETravel.com\u00ae","og:description":"Global eSIM Plans Fast Internet in 100+ Countries Stay connected, wherever you travel, at affordable rates Find travel eSIMs for iPhone, iPad, and Android devices in over 200 destinations. Purchase data for countries, regions, or global connection. North America eSIM (5) Middle East and North Africa eSIMs (5) Europe eSIM (16) Asia eSIM (15) Africa","og:url":"https:\/\/esim.lemmetravel.com\/fr\/global-esim-plans\/","og:image":"https:\/\/esim.lemmetravel.com\/wp-content\/uploads\/2026\/03\/Gemini_Generated_Image_8tklrz8tklrz8tkl-1.png","og:image:secure_url":"https:\/\/esim.lemmetravel.com\/wp-content\/uploads\/2026\/03\/Gemini_Generated_Image_8tklrz8tklrz8tkl-1.png","og:image:width":1024,"og:image:height":1024,"twitter:card":"summary_large_image","twitter:site":"@lemetravel","twitter:title":"Global eSIM Plans | LEMMETravel.com\u00ae","twitter:description":"Global eSIM Plans Fast Internet in 100+ Countries Stay connected, wherever you travel, at affordable rates Find travel eSIMs for iPhone, iPad, and Android devices in over 200 destinations. Purchase data for countries, regions, or global connection. North America eSIM (5) Middle East and North Africa eSIMs (5) Europe eSIM (16) Asia eSIM (15) Africa","twitter:creator":"@lemetravel","twitter:image":"https:\/\/esim.lemmetravel.com\/wp-content\/uploads\/2026\/03\/Gemini_Generated_Image_8tklrz8tklrz8tkl-1.png","twitter:label1":"Written by","twitter:data1":"LEMMETravelAdmin"},"aioseo_meta_data":{"post_id":"19746","title":"#post_title #separator_sa #site_title","description":"#post_content","keywords":null,"keyphrases":null,"primary_term":null,"canonical_url":null,"og_title":null,"og_description":null,"og_object_type":"default","og_image_type":"default","og_image_url":null,"og_image_width":null,"og_image_height":null,"og_image_custom_url":null,"og_image_custom_fields":null,"og_video":null,"og_custom_url":null,"og_article_section":null,"og_article_tags":null,"twitter_use_og":true,"twitter_card":"default","twitter_image_type":"default","twitter_image_url":null,"twitter_image_custom_url":null,"twitter_image_custom_fields":null,"twitter_title":null,"twitter_description":null,"schema":{"blockGraphs":[],"customGraphs":[],"default":{"data":{"Article":[],"Course":[],"Dataset":[],"FAQPage":[],"Movie":[],"Person":[],"Product":[],"ProductReview":[],"Car":[],"Recipe":[],"Service":[],"SoftwareApplication":[],"WebPage":[]},"graphName":"","isEnabled":true},"graphs":[]},"schema_type":"default","schema_type_options":null,"pillar_content":false,"robots_default":true,"robots_noindex":false,"robots_noarchive":false,"robots_nosnippet":false,"robots_nofollow":false,"robots_noimageindex":false,"robots_noodp":false,"robots_notranslate":false,"robots_max_snippet":null,"robots_max_videopreview":null,"robots_max_imagepreview":"large","priority":null,"frequency":null,"local_seo":null,"seo_analyzer_scan_date":"2026-03-31 19:00:09","breadcrumb_settings":null,"limit_modified_date":false,"reviewed_by":null,"open_ai":null,"ai":null,"created":"2026-03-31 16:13:51","updated":"2026-03-31 19:00:09"},"aioseo_breadcrumb":"<div class=\"aioseo-breadcrumbs\"><span class=\"aioseo-breadcrumb\">\n\t<a href=\"https:\/\/esim.lemmetravel.com\/fr\" title=\"Home\">Home<\/a>\n<\/span><span class=\"aioseo-breadcrumb-separator\">|<\/span><span class=\"aioseo-breadcrumb\">\n\tGlobal eSIM Plans\n<\/span><\/div>","aioseo_breadcrumb_json":[{"label":"Home","link":"https:\/\/esim.lemmetravel.com\/fr"},{"label":"Global eSIM Plans","link":"https:\/\/esim.lemmetravel.com\/fr\/global-esim-plans\/"}],"_links":{"self":[{"href":"https:\/\/esim.lemmetravel.com\/fr\/wp-json\/wp\/v2\/pages\/19746","targetHints":{"allow":["GET"]}}],"collection":[{"href":"https:\/\/esim.lemmetravel.com\/fr\/wp-json\/wp\/v2\/pages"}],"about":[{"href":"https:\/\/esim.lemmetravel.com\/fr\/wp-json\/wp\/v2\/types\/page"}],"author":[{"embeddable":true,"href":"https:\/\/esim.lemmetravel.com\/fr\/wp-json\/wp\/v2\/users\/1"}],"replies":[{"embeddable":true,"href":"https:\/\/esim.lemmetravel.com\/fr\/wp-json\/wp\/v2\/comments?post=19746"}],"version-history":[{"count":25,"href":"https:\/\/esim.lemmetravel.com\/fr\/wp-json\/wp\/v2\/pages\/19746\/revisions"}],"predecessor-version":[{"id":19778,"href":"https:\/\/esim.lemmetravel.com\/fr\/wp-json\/wp\/v2\/pages\/19746\/revisions\/19778"}],"wp:attachment":[{"href":"https:\/\/esim.lemmetravel.com\/fr\/wp-json\/wp\/v2\/media?parent=19746"}],"curies":[{"name":"wp","href":"https:\/\/api.w.org\/{rel}","templated":true}]}}